{"id":19244,"date":"2025-12-03T14:38:19","date_gmt":"2025-12-03T14:38:19","guid":{"rendered":"https:\/\/seriart1.pixelprime.me\/landwirtschaft-baumaschinen\/"},"modified":"2026-01-28T13:12:48","modified_gmt":"2026-01-28T13:12:48","slug":"landwirtschaft-baumaschinen","status":"publish","type":"page","link":"https:\/\/www.seri-art.it\/de\/landwirtschaft-baumaschinen\/","title":{"rendered":"Landwirtschaft &#8211; Baumaschinen"},"content":{"rendered":"\t\t<div data-elementor-type=\"wp-page\" data-elementor-id=\"19244\" class=\"elementor elementor-19244 elementor-17642\" data-elementor-post-type=\"page\">\n\t\t\t\t<div class=\"elementor-element elementor-element-2f235e3 e-flex e-con-boxed e-con e-parent\" data-id=\"2f235e3\" data-element_type=\"container\" data-e-type=\"container\" data-settings=\"{&quot;wcf_enable_cursor_hover_effect_text&quot;:&quot;View&quot;,&quot;wcf-animation&quot;:&quot;none&quot;,&quot;wcf_enable_pin_area&quot;:&quot;no&quot;,&quot;aae_enable_header_sticky_area&quot;:&quot;no&quot;,&quot;wcf_enable_horizontal_scroll&quot;:&quot;no&quot;}\">\n\t\t\t\t\t<div class=\"e-con-inner\">\n\t\t<div class=\"elementor-element elementor-element-265f7f0 e-con-full e-flex e-con e-child\" data-id=\"265f7f0\" data-element_type=\"container\" data-e-type=\"container\" data-settings=\"{&quot;wcf_enable_cursor_hover_effect_text&quot;:&quot;View&quot;,&quot;wcf-animation&quot;:&quot;none&quot;,&quot;wcf_enable_pin_area&quot;:&quot;no&quot;,&quot;aae_enable_header_sticky_area&quot;:&quot;no&quot;,&quot;wcf_enable_horizontal_scroll&quot;:&quot;no&quot;}\">\n\t\t\t\t<div class=\"elementor-element elementor-element-20fcb91 elementor-widget__width-initial elementor-widget-laptop__width-initial wcf-t-animation-none elementor-widget elementor-widget-wcf--title\" data-id=\"20fcb91\" data-element_type=\"widget\" data-e-type=\"widget\" data-settings=\"{&quot;wcf-animation&quot;:&quot;fade&quot;,&quot;delay&quot;:0.25,&quot;data-duration&quot;:0.75,&quot;fade-offset&quot;:40,&quot;wcf_text_animation&quot;:&quot;none&quot;,&quot;aae_method&quot;:&quot;from&quot;,&quot;aae_trigger&quot;:&quot;on_scroll&quot;,&quot;fade-from&quot;:&quot;bottom&quot;,&quot;ease&quot;:&quot;power2.out&quot;}\" data-widget_type=\"wcf--title.default\">\n\t\t\t\t<div class=\"elementor-widget-container\">\n\t\t\t\t\t<h2 class=\"wcf--title\">Landwirtschaft<\/h2>\t\t\t\t<\/div>\n\t\t\t\t<\/div>\n\t\t\t\t<\/div>\n\t\t\t\t\t<\/div>\n\t\t\t\t<\/div>\n\t\t<div class=\"elementor-element elementor-element-d59bea6 e-flex e-con-boxed e-con e-parent\" data-id=\"d59bea6\" data-element_type=\"container\" data-e-type=\"container\" data-settings=\"{&quot;wcf_enable_cursor_hover_effect_text&quot;:&quot;View&quot;,&quot;wcf-animation&quot;:&quot;none&quot;,&quot;wcf_enable_pin_area&quot;:&quot;no&quot;,&quot;aae_enable_header_sticky_area&quot;:&quot;no&quot;,&quot;wcf_enable_horizontal_scroll&quot;:&quot;no&quot;}\">\n\t\t\t\t\t<div class=\"e-con-inner\">\n\t\t<div class=\"elementor-element elementor-element-7f82aab e-con-full e-flex e-con e-child\" data-id=\"7f82aab\" data-element_type=\"container\" data-e-type=\"container\" data-settings=\"{&quot;wcf_enable_cursor_hover_effect_text&quot;:&quot;View&quot;,&quot;wcf-animation&quot;:&quot;none&quot;,&quot;wcf_enable_pin_area&quot;:&quot;no&quot;,&quot;aae_enable_header_sticky_area&quot;:&quot;no&quot;,&quot;wcf_enable_horizontal_scroll&quot;:&quot;no&quot;}\">\n\t\t\t\t<div class=\"elementor-element elementor-element-871b883 wcf-t-animation-none elementor-widget elementor-widget-wcf--text\" data-id=\"871b883\" data-element_type=\"widget\" data-e-type=\"widget\" data-settings=\"{&quot;wcf_text_animation&quot;:&quot;none&quot;,&quot;wcf-animation&quot;:&quot;none&quot;}\" data-widget_type=\"wcf--text.default\">\n\t\t\t\t<div class=\"elementor-widget-container\">\n\t\t\t\t\t<div class=\"wcf--text\"><p><strong>Robuste Etiketten und Grafiken f\u00fcr Land- und Baumaschinen<\/strong><\/p><p>Seri-Art fertigt selbstklebende Etiketten, Tafeln und individuelle Grafiken f\u00fcr Landmaschinen, Arbeitsfahrzeuge und F\u00f6rdertechnik, die f\u00fcr extreme Umgebungsbedingungen ausgelegt sind und eine klare, langlebige Kommunikation gew\u00e4hrleisten.<br>Unsere Siebdruck- und Digitaldrucke werden auf Materialien wie PVC, PET, PC, PP und Crystal ausgef\u00fchrt und mit hochhaftenden Klebesystemen kombiniert, die auch auf Oberfl\u00e4chen mit geringer Oberfl\u00e4chenspannung wie Polypropylen oder ABS sicheren Halt bieten.<\/p><\/div>\t\t\t\t<\/div>\n\t\t\t\t<\/div>\n\t\t\t\t<\/div>\n\t\t<div class=\"elementor-element elementor-element-f4a6aab e-con-full e-flex e-con e-child\" data-id=\"f4a6aab\" data-element_type=\"container\" data-e-type=\"container\" data-settings=\"{&quot;wcf_enable_cursor_hover_effect_text&quot;:&quot;View&quot;,&quot;wcf-animation&quot;:&quot;none&quot;,&quot;wcf_enable_pin_area&quot;:&quot;no&quot;,&quot;aae_enable_header_sticky_area&quot;:&quot;no&quot;,&quot;wcf_enable_horizontal_scroll&quot;:&quot;no&quot;}\">\n\t\t\t\t<div class=\"elementor-element elementor-element-9929694 wcf-t-animation-none elementor-widget elementor-widget-wcf--text\" data-id=\"9929694\" data-element_type=\"widget\" data-e-type=\"widget\" data-settings=\"{&quot;wcf_text_animation&quot;:&quot;none&quot;,&quot;wcf-animation&quot;:&quot;none&quot;}\" data-widget_type=\"wcf--text.default\">\n\t\t\t\t<div class=\"elementor-widget-container\">\n\t\t\t\t\t<div class=\"wcf--text\"><p><strong>Ma\u00dfgeschneiderte L\u00f6sungen f\u00fcr eine effiziente und sichere Landwirtschaft<\/strong><\/p><p>Jedes Etikett und jede Tafel wird entsprechend dem Einsatzkontext konzipiert: wir produzieren technische Grafiken zur Kennzeichnung von Bedienelementen, Sicherheitsetiketten mit Piktogrammen, Firmenlogos sowie dekorative Tafeln f\u00fcr Hersteller Marken.<br>Unsere Drucktechnologien erm\u00f6glichen gestochen scharfe Bilder, brillante Farben und maximale Best\u00e4ndigkeit gegen Abrieb, UV-Strahlung und chemische Einfl\u00fcsse.<\/p><p>Dank \u00fcber sechzig Jahren Erfahrung im industriellen Druck f\u00fcr diesen Sektor bietet Seri-Art einen umfassenden Service \u2013 von der grafischen Gestaltung bis zur Endverpackung \u2013 und unterst\u00fctzt Hersteller bei der Individualisierung und Aufwertung ihrer Maschinen. Jede Umsetzung vereint Funktionalit\u00e4t, Langlebigkeit und \u00e4sthetische Konsistenz und gew\u00e4hrleistet h\u00f6chste Lesbarkeit auch nach jahrelangem Einsatz im Feld. <\/p><\/div>\t\t\t\t<\/div>\n\t\t\t\t<\/div>\n\t\t\t\t<\/div>\n\t\t\t\t\t<\/div>\n\t\t\t\t<\/div>\n\t\t<div class=\"elementor-element elementor-element-0705472 e-flex e-con-boxed e-con e-parent\" data-id=\"0705472\" data-element_type=\"container\" data-e-type=\"container\" data-settings=\"{&quot;wcf_enable_cursor_hover_effect_text&quot;:&quot;View&quot;,&quot;wcf-animation&quot;:&quot;none&quot;,&quot;wcf_enable_pin_area&quot;:&quot;no&quot;,&quot;aae_enable_header_sticky_area&quot;:&quot;no&quot;,&quot;wcf_enable_horizontal_scroll&quot;:&quot;no&quot;}\">\n\t\t\t\t\t<div class=\"e-con-inner\">\n\t\t\t\t<div class=\"elementor-element elementor-element-6b8ca1a elementor-widget elementor-widget-wcf--filterable-gallery\" data-id=\"6b8ca1a\" data-element_type=\"widget\" data-e-type=\"widget\" data-settings=\"{&quot;wcf-animation&quot;:&quot;none&quot;}\" data-widget_type=\"wcf--filterable-gallery.default\">\n\t\t\t\t<div class=\"elementor-widget-container\">\n\t\t\t\t\t        <div class=\"wcf--filterable-gallery style-grid\">\r\n\t\t\t        <div class=\"gallery-wrapper\">\r\n\t\t\t\t\t\t\t                <div class=\"mix gallery-item horizontal \">\r\n                    <img decoding=\"async\" src=\"https:\/\/www.seri-art.it\/wp-content\/uploads\/2025\/12\/5_1738086484143_rid.jpg\"\r\n                         alt=\"\">\r\n\t\t\t\t\t                <\/div>\r\n\t\t\t\t\t\t\t                <div class=\"mix gallery-item horizontal \">\r\n                    <img decoding=\"async\" src=\"https:\/\/www.seri-art.it\/wp-content\/uploads\/2025\/12\/IMG_4405_rid.jpg\"\r\n                         alt=\"\">\r\n\t\t\t\t\t                <\/div>\r\n\t\t\t\t\t\t\t                <div class=\"mix gallery-item  \">\r\n                    <img decoding=\"async\" src=\"https:\/\/www.seri-art.it\/wp-content\/uploads\/2025\/12\/IMG_4476_rid.jpg\"\r\n                         alt=\"\">\r\n\t\t\t\t\t                <\/div>\r\n\t\t\t\t\t\t\t                <div class=\"mix gallery-item  \">\r\n                    <img decoding=\"async\" src=\"https:\/\/www.seri-art.it\/wp-content\/uploads\/2025\/12\/IMG_20230504_133641_rid.jpg\"\r\n                         alt=\"\">\r\n\t\t\t\t\t                <\/div>\r\n\t\t\t\t\t\t\t                <div class=\"mix gallery-item  \">\r\n                    <img decoding=\"async\" src=\"https:\/\/www.seri-art.it\/wp-content\/uploads\/2025\/12\/IMG_20240201_122406_rid.jpg\"\r\n                         alt=\"\">\r\n\t\t\t\t\t                <\/div>\r\n\t\t\t\t\t\t\t                <div class=\"mix gallery-item  \">\r\n                    <img decoding=\"async\" src=\"https:\/\/www.seri-art.it\/wp-content\/uploads\/2025\/12\/VISA-CRYSTAL-_rid.jpg\"\r\n                         alt=\"\">\r\n\t\t\t\t\t                <\/div>\r\n\t\t\t        <\/div>\r\n\t\t        <\/div>\r\n\t\t\t\t\t\t<\/div>\n\t\t\t\t<\/div>\n\t\t\t\t\t<\/div>\n\t\t\t\t<\/div>\n\t\t\t\t<\/div>\n\t\t","protected":false},"excerpt":{"rendered":"<p>Landwirtschaft Robuste Etiketten und Grafiken f\u00fcr Land- und Baumaschinen Seri-Art fertigt selbstklebende Etiketten, Tafeln und individuelle Grafiken f\u00fcr Landmaschinen, Arbeitsfahrzeuge und F\u00f6rdertechnik, die f\u00fcr extreme Umgebungsbedingungen ausgelegt sind und eine klare, langlebige Kommunikation gew\u00e4hrleisten.Unsere Siebdruck- und Digitaldrucke werden auf Materialien wie PVC, PET, PC, PP und Crystal ausgef\u00fchrt und mit hochhaftenden Klebesystemen kombiniert, die auch [&hellip;]<\/p>\n","protected":false},"author":1,"featured_media":0,"parent":0,"menu_order":0,"comment_status":"closed","ping_status":"closed","template":"elementor_header_footer","meta":{"footnotes":""},"class_list":["post-19244","page","type-page","status-publish","hentry"],"_links":{"self":[{"href":"https:\/\/www.seri-art.it\/de\/wp-json\/wp\/v2\/pages\/19244","targetHints":{"allow":["GET"]}}],"collection":[{"href":"https:\/\/www.seri-art.it\/de\/wp-json\/wp\/v2\/pages"}],"about":[{"href":"https:\/\/www.seri-art.it\/de\/wp-json\/wp\/v2\/types\/page"}],"author":[{"embeddable":true,"href":"https:\/\/www.seri-art.it\/de\/wp-json\/wp\/v2\/users\/1"}],"replies":[{"embeddable":true,"href":"https:\/\/www.seri-art.it\/de\/wp-json\/wp\/v2\/comments?post=19244"}],"version-history":[{"count":1,"href":"https:\/\/www.seri-art.it\/de\/wp-json\/wp\/v2\/pages\/19244\/revisions"}],"predecessor-version":[{"id":19245,"href":"https:\/\/www.seri-art.it\/de\/wp-json\/wp\/v2\/pages\/19244\/revisions\/19245"}],"wp:attachment":[{"href":"https:\/\/www.seri-art.it\/de\/wp-json\/wp\/v2\/media?parent=19244"}],"curies":[{"name":"wp","href":"https:\/\/api.w.org\/{rel}","templated":true}]}}