{"id":19260,"date":"2025-12-05T15:53:15","date_gmt":"2025-12-05T15:53:15","guid":{"rendered":"https:\/\/seriart1.pixelprime.me\/industrielle-anwendungen\/"},"modified":"2026-01-28T13:16:40","modified_gmt":"2026-01-28T13:16:40","slug":"industrielle-anwendungen","status":"publish","type":"page","link":"https:\/\/www.seri-art.it\/de\/industrielle-anwendungen\/","title":{"rendered":"Industrielle Anwendungen"},"content":{"rendered":"\t\t<div data-elementor-type=\"wp-page\" data-elementor-id=\"19260\" class=\"elementor elementor-19260 elementor-17833\" data-elementor-post-type=\"page\">\n\t\t\t\t<div class=\"elementor-element elementor-element-2f235e3 e-flex e-con-boxed e-con e-parent\" data-id=\"2f235e3\" data-element_type=\"container\" data-e-type=\"container\" data-settings=\"{&quot;wcf_enable_cursor_hover_effect_text&quot;:&quot;View&quot;,&quot;wcf-animation&quot;:&quot;none&quot;,&quot;wcf_enable_pin_area&quot;:&quot;no&quot;,&quot;aae_enable_header_sticky_area&quot;:&quot;no&quot;,&quot;wcf_enable_horizontal_scroll&quot;:&quot;no&quot;}\">\n\t\t\t\t\t<div class=\"e-con-inner\">\n\t\t<div class=\"elementor-element elementor-element-265f7f0 e-con-full e-flex e-con e-child\" data-id=\"265f7f0\" data-element_type=\"container\" data-e-type=\"container\" data-settings=\"{&quot;wcf_enable_cursor_hover_effect_text&quot;:&quot;View&quot;,&quot;wcf-animation&quot;:&quot;none&quot;,&quot;wcf_enable_pin_area&quot;:&quot;no&quot;,&quot;aae_enable_header_sticky_area&quot;:&quot;no&quot;,&quot;wcf_enable_horizontal_scroll&quot;:&quot;no&quot;}\">\n\t\t\t\t<div class=\"elementor-element elementor-element-20fcb91 elementor-widget__width-initial elementor-widget-laptop__width-initial elementor-widget-tablet_extra__width-initial wcf-t-animation-none elementor-widget elementor-widget-wcf--title\" data-id=\"20fcb91\" data-element_type=\"widget\" data-e-type=\"widget\" data-settings=\"{&quot;wcf-animation&quot;:&quot;fade&quot;,&quot;delay&quot;:0.25,&quot;data-duration&quot;:0.75,&quot;fade-offset&quot;:40,&quot;wcf_text_animation&quot;:&quot;none&quot;,&quot;aae_method&quot;:&quot;from&quot;,&quot;aae_trigger&quot;:&quot;on_scroll&quot;,&quot;fade-from&quot;:&quot;bottom&quot;,&quot;ease&quot;:&quot;power2.out&quot;}\" data-widget_type=\"wcf--title.default\">\n\t\t\t\t<div class=\"elementor-widget-container\">\n\t\t\t\t\t<h2 class=\"wcf--title\">Industrielle Anwendungen \u2013 Automatisierung \u2013 Tastaturen und Bedienfelder<\/h2>\t\t\t\t<\/div>\n\t\t\t\t<\/div>\n\t\t\t\t<\/div>\n\t\t\t\t\t<\/div>\n\t\t\t\t<\/div>\n\t\t<div class=\"elementor-element elementor-element-d59bea6 e-flex e-con-boxed e-con e-parent\" data-id=\"d59bea6\" data-element_type=\"container\" data-e-type=\"container\" data-settings=\"{&quot;wcf_enable_cursor_hover_effect_text&quot;:&quot;View&quot;,&quot;wcf-animation&quot;:&quot;none&quot;,&quot;wcf_enable_pin_area&quot;:&quot;no&quot;,&quot;aae_enable_header_sticky_area&quot;:&quot;no&quot;,&quot;wcf_enable_horizontal_scroll&quot;:&quot;no&quot;}\">\n\t\t\t\t\t<div class=\"e-con-inner\">\n\t\t<div class=\"elementor-element elementor-element-7f82aab e-con-full e-flex e-con e-child\" data-id=\"7f82aab\" data-element_type=\"container\" data-e-type=\"container\" data-settings=\"{&quot;wcf_enable_cursor_hover_effect_text&quot;:&quot;View&quot;,&quot;wcf-animation&quot;:&quot;none&quot;,&quot;wcf_enable_pin_area&quot;:&quot;no&quot;,&quot;aae_enable_header_sticky_area&quot;:&quot;no&quot;,&quot;wcf_enable_horizontal_scroll&quot;:&quot;no&quot;}\">\n\t\t\t\t<div class=\"elementor-element elementor-element-871b883 wcf-t-animation-none elementor-widget elementor-widget-wcf--text\" data-id=\"871b883\" data-element_type=\"widget\" data-e-type=\"widget\" data-settings=\"{&quot;wcf_text_animation&quot;:&quot;none&quot;,&quot;wcf-animation&quot;:&quot;none&quot;}\" data-widget_type=\"wcf--text.default\">\n\t\t\t\t<div class=\"elementor-widget-container\">\n\t\t\t\t\t<div class=\"wcf--text\"><p class=\"p1\"><strong>Hohe Leistung und spezifisiche Kopplung<\/strong><\/p><p class=\"p1\">Jede Tastatur wird mit hochwertigen spezifischen doppelseitigen Kleben gem\u00e4\u00df Spezifikation verkoppelt, um eine perfekte Haftung auf Metall- oder Kunststoffoberfl\u00e4chen zu gew\u00e4hrleisten.<\/p><p class=\"p1\">Der Siebdruck erm\u00f6glicht matte, gut lesbare und langlebige Farben sowie transparente oder speziell behandelte Bereiche f\u00fcr Hinterleuchtung. Pr\u00e4zises Stanzen garantiert eine hochwertige und exakte Anwendung. <\/p><p class=\"p1\">Dieser Service findet Anwendung in Haushaltsger\u00e4ten, elektrischen und elektronischen Ger\u00e4ten, Landmaschinen, medizinischen Ger\u00e4ten und im Gesundheitswesen. Seri-Art fertigt funktionale und individuell gestaltete Bedienfelder und Tastaturen, die sich perfekt in Design und operative Anforderungen der Maschinen integrieren. <\/p><\/div>\t\t\t\t<\/div>\n\t\t\t\t<\/div>\n\t\t\t\t<\/div>\n\t\t<div class=\"elementor-element elementor-element-f4a6aab e-con-full e-flex e-con e-child\" data-id=\"f4a6aab\" data-element_type=\"container\" data-e-type=\"container\" data-settings=\"{&quot;wcf_enable_cursor_hover_effect_text&quot;:&quot;View&quot;,&quot;wcf-animation&quot;:&quot;none&quot;,&quot;wcf_enable_pin_area&quot;:&quot;no&quot;,&quot;aae_enable_header_sticky_area&quot;:&quot;no&quot;,&quot;wcf_enable_horizontal_scroll&quot;:&quot;no&quot;}\">\n\t\t\t\t<div class=\"elementor-element elementor-element-9929694 wcf-t-animation-none elementor-widget elementor-widget-wcf--text\" data-id=\"9929694\" data-element_type=\"widget\" data-e-type=\"widget\" data-settings=\"{&quot;wcf_text_animation&quot;:&quot;none&quot;,&quot;wcf-animation&quot;:&quot;none&quot;}\" data-widget_type=\"wcf--text.default\">\n\t\t\t\t<div class=\"elementor-widget-container\">\n\t\t\t\t\t<div class=\"wcf--text\"><p class=\"p1\"><strong>Hohe Leistung und spezifisiche Kopplung<\/strong><\/p><p class=\"p1\">Jede Tastatur wird mit hochwertigen technischen doppelseitigen Klebeb\u00e4ndern versehen, die gem\u00e4\u00df den Spezifikationen ausgew\u00e4hlt werden, um eine perfekte Haftung auf Metall oder Kunststoff zu gew\u00e4hrleisten. Die Pr\u00e4zisionsstanzung garantiert eine hochwertige Anbringung. <\/p><p class=\"p1\">Dieser Service findet Anwendung in Haushaltsger\u00e4ten, elektrischen und elektronischen Ger\u00e4ten, Landmaschinen, medizinischen Ger\u00e4ten und im Gesundheitswesen. Seri-Art fertigt funktionale und individuell gestaltete Bedienfelder und Tastaturen, die sich perfekt in Design und operative Anforderungen der Maschinen integrieren. <\/p><\/div>\t\t\t\t<\/div>\n\t\t\t\t<\/div>\n\t\t\t\t<\/div>\n\t\t\t\t\t<\/div>\n\t\t\t\t<\/div>\n\t\t<div class=\"elementor-element elementor-element-0705472 e-flex e-con-boxed e-con e-parent\" data-id=\"0705472\" data-element_type=\"container\" data-e-type=\"container\" data-settings=\"{&quot;wcf_enable_cursor_hover_effect_text&quot;:&quot;View&quot;,&quot;wcf-animation&quot;:&quot;none&quot;,&quot;wcf_enable_pin_area&quot;:&quot;no&quot;,&quot;aae_enable_header_sticky_area&quot;:&quot;no&quot;,&quot;wcf_enable_horizontal_scroll&quot;:&quot;no&quot;}\">\n\t\t\t\t\t<div class=\"e-con-inner\">\n\t\t\t\t<div class=\"elementor-element elementor-element-6b8ca1a elementor-widget elementor-widget-wcf--filterable-gallery\" data-id=\"6b8ca1a\" data-element_type=\"widget\" data-e-type=\"widget\" data-settings=\"{&quot;wcf-animation&quot;:&quot;none&quot;}\" data-widget_type=\"wcf--filterable-gallery.default\">\n\t\t\t\t<div class=\"elementor-widget-container\">\n\t\t\t\t\t        <div class=\"wcf--filterable-gallery style-grid\">\r\n\t\t\t        <div class=\"gallery-wrapper\">\r\n\t\t\t\t\t\t\t                <div class=\"mix gallery-item horizontal \">\r\n                    <img decoding=\"async\" src=\"https:\/\/www.seri-art.it\/wp-content\/uploads\/2025\/12\/20240624_163732_rid.jpg\"\r\n                         alt=\"\">\r\n\t\t\t\t\t                <\/div>\r\n\t\t\t\t\t\t\t                <div class=\"mix gallery-item horizontal \">\r\n                    <img decoding=\"async\" src=\"https:\/\/www.seri-art.it\/wp-content\/uploads\/2025\/12\/1744012869368_rid.jpg\"\r\n                         alt=\"\">\r\n\t\t\t\t\t                <\/div>\r\n\t\t\t\t\t\t\t                <div class=\"mix gallery-item  \">\r\n                    <img decoding=\"async\" src=\"https:\/\/www.seri-art.it\/wp-content\/uploads\/2025\/12\/cf8f6a37-3891-40d0-929f-e5e1d5461066_rid.jpg\"\r\n                         alt=\"\">\r\n\t\t\t\t\t                <\/div>\r\n\t\t\t        <\/div>\r\n\t\t        <\/div>\r\n\t\t\t\t\t\t<\/div>\n\t\t\t\t<\/div>\n\t\t\t\t<div class=\"elementor-element elementor-element-9ffea69 elementor-widget elementor-widget-wcf--filterable-gallery\" data-id=\"9ffea69\" data-element_type=\"widget\" data-e-type=\"widget\" data-settings=\"{&quot;wcf-animation&quot;:&quot;none&quot;}\" data-widget_type=\"wcf--filterable-gallery.default\">\n\t\t\t\t<div class=\"elementor-widget-container\">\n\t\t\t\t\t        <div class=\"wcf--filterable-gallery style-grid\">\r\n\t\t\t        <div class=\"gallery-wrapper\">\r\n\t\t\t\t\t\t\t                <div class=\"mix gallery-item horizontal \">\r\n                    <img decoding=\"async\" src=\"https:\/\/www.seri-art.it\/wp-content\/uploads\/2025\/12\/Controllore_DMC24_FCT-2_rid.jpg\"\r\n                         alt=\"\">\r\n\t\t\t\t\t                <\/div>\r\n\t\t\t\t\t\t\t                <div class=\"mix gallery-item horizontal \">\r\n                    <img decoding=\"async\" src=\"https:\/\/www.seri-art.it\/wp-content\/uploads\/2025\/12\/DSCF6596_rid.jpg\"\r\n                         alt=\"\">\r\n\t\t\t\t\t                <\/div>\r\n\t\t\t\t\t\t\t                <div class=\"mix gallery-item horizontal \">\r\n                    <img decoding=\"async\" src=\"https:\/\/www.seri-art.it\/wp-content\/uploads\/2026\/01\/tastiere-seri-art.jpg\"\r\n                         alt=\"\">\r\n\t\t\t\t\t                <\/div>\r\n\t\t\t        <\/div>\r\n\t\t        <\/div>\r\n\t\t\t\t\t\t<\/div>\n\t\t\t\t<\/div>\n\t\t\t\t\t<\/div>\n\t\t\t\t<\/div>\n\t\t\t\t<\/div>\n\t\t","protected":false},"excerpt":{"rendered":"<p>Industrielle Anwendungen \u2013 Automatisierung \u2013 Tastaturen und Bedienfelder Hohe Leistung und spezifisiche Kopplung Jede Tastatur wird mit hochwertigen spezifischen doppelseitigen Kleben gem\u00e4\u00df Spezifikation verkoppelt, um eine perfekte Haftung auf Metall- oder Kunststoffoberfl\u00e4chen zu gew\u00e4hrleisten. Der Siebdruck erm\u00f6glicht matte, gut lesbare und langlebige Farben sowie transparente oder speziell behandelte Bereiche f\u00fcr Hinterleuchtung. Pr\u00e4zises Stanzen garantiert eine [&hellip;]<\/p>\n","protected":false},"author":1,"featured_media":0,"parent":0,"menu_order":0,"comment_status":"closed","ping_status":"closed","template":"elementor_header_footer","meta":{"footnotes":""},"class_list":["post-19260","page","type-page","status-publish","hentry"],"_links":{"self":[{"href":"https:\/\/www.seri-art.it\/de\/wp-json\/wp\/v2\/pages\/19260","targetHints":{"allow":["GET"]}}],"collection":[{"href":"https:\/\/www.seri-art.it\/de\/wp-json\/wp\/v2\/pages"}],"about":[{"href":"https:\/\/www.seri-art.it\/de\/wp-json\/wp\/v2\/types\/page"}],"author":[{"embeddable":true,"href":"https:\/\/www.seri-art.it\/de\/wp-json\/wp\/v2\/users\/1"}],"replies":[{"embeddable":true,"href":"https:\/\/www.seri-art.it\/de\/wp-json\/wp\/v2\/comments?post=19260"}],"version-history":[{"count":1,"href":"https:\/\/www.seri-art.it\/de\/wp-json\/wp\/v2\/pages\/19260\/revisions"}],"predecessor-version":[{"id":19261,"href":"https:\/\/www.seri-art.it\/de\/wp-json\/wp\/v2\/pages\/19260\/revisions\/19261"}],"wp:attachment":[{"href":"https:\/\/www.seri-art.it\/de\/wp-json\/wp\/v2\/media?parent=19260"}],"curies":[{"name":"wp","href":"https:\/\/api.w.org\/{rel}","templated":true}]}}