{"id":19265,"date":"2025-12-03T13:01:53","date_gmt":"2025-12-03T13:01:53","guid":{"rendered":"https:\/\/seriart1.pixelprime.me\/radsport\/"},"modified":"2026-01-28T13:18:23","modified_gmt":"2026-01-28T13:18:23","slug":"radsport","status":"publish","type":"page","link":"https:\/\/www.seri-art.it\/de\/radsport\/","title":{"rendered":"Radsport"},"content":{"rendered":"\t\t<div data-elementor-type=\"wp-page\" data-elementor-id=\"19265\" class=\"elementor elementor-19265 elementor-17580\" data-elementor-post-type=\"page\">\n\t\t\t\t<div class=\"elementor-element elementor-element-2f235e3 e-flex e-con-boxed e-con e-parent\" data-id=\"2f235e3\" data-element_type=\"container\" data-e-type=\"container\" data-settings=\"{&quot;wcf_enable_cursor_hover_effect_text&quot;:&quot;View&quot;,&quot;wcf-animation&quot;:&quot;none&quot;,&quot;wcf_enable_pin_area&quot;:&quot;no&quot;,&quot;aae_enable_header_sticky_area&quot;:&quot;no&quot;,&quot;wcf_enable_horizontal_scroll&quot;:&quot;no&quot;}\">\n\t\t\t\t\t<div class=\"e-con-inner\">\n\t\t<div class=\"elementor-element elementor-element-265f7f0 e-con-full e-flex e-con e-child\" data-id=\"265f7f0\" data-element_type=\"container\" data-e-type=\"container\" data-settings=\"{&quot;wcf_enable_cursor_hover_effect_text&quot;:&quot;View&quot;,&quot;wcf-animation&quot;:&quot;none&quot;,&quot;wcf_enable_pin_area&quot;:&quot;no&quot;,&quot;aae_enable_header_sticky_area&quot;:&quot;no&quot;,&quot;wcf_enable_horizontal_scroll&quot;:&quot;no&quot;}\">\n\t\t\t\t<div class=\"elementor-element elementor-element-20fcb91 elementor-widget__width-initial elementor-widget-laptop__width-initial wcf-t-animation-none elementor-widget elementor-widget-wcf--title\" data-id=\"20fcb91\" data-element_type=\"widget\" data-e-type=\"widget\" data-settings=\"{&quot;wcf-animation&quot;:&quot;fade&quot;,&quot;delay&quot;:0.25,&quot;data-duration&quot;:0.75,&quot;fade-offset&quot;:40,&quot;wcf_text_animation&quot;:&quot;none&quot;,&quot;aae_method&quot;:&quot;from&quot;,&quot;aae_trigger&quot;:&quot;on_scroll&quot;,&quot;fade-from&quot;:&quot;bottom&quot;,&quot;ease&quot;:&quot;power2.out&quot;}\" data-widget_type=\"wcf--title.default\">\n\t\t\t\t<div class=\"elementor-widget-container\">\n\t\t\t\t\t<h2 class=\"wcf--title\">Radsport<\/h2>\t\t\t\t<\/div>\n\t\t\t\t<\/div>\n\t\t\t\t<\/div>\n\t\t\t\t\t<\/div>\n\t\t\t\t<\/div>\n\t\t<div class=\"elementor-element elementor-element-d59bea6 e-flex e-con-boxed e-con e-parent\" data-id=\"d59bea6\" data-element_type=\"container\" data-e-type=\"container\" data-settings=\"{&quot;wcf_enable_cursor_hover_effect_text&quot;:&quot;View&quot;,&quot;wcf-animation&quot;:&quot;none&quot;,&quot;wcf_enable_pin_area&quot;:&quot;no&quot;,&quot;aae_enable_header_sticky_area&quot;:&quot;no&quot;,&quot;wcf_enable_horizontal_scroll&quot;:&quot;no&quot;}\">\n\t\t\t\t\t<div class=\"e-con-inner\">\n\t\t<div class=\"elementor-element elementor-element-7f82aab e-con-full e-flex e-con e-child\" data-id=\"7f82aab\" data-element_type=\"container\" data-e-type=\"container\" data-settings=\"{&quot;wcf_enable_cursor_hover_effect_text&quot;:&quot;View&quot;,&quot;wcf-animation&quot;:&quot;none&quot;,&quot;wcf_enable_pin_area&quot;:&quot;no&quot;,&quot;aae_enable_header_sticky_area&quot;:&quot;no&quot;,&quot;wcf_enable_horizontal_scroll&quot;:&quot;no&quot;}\">\n\t\t\t\t<div class=\"elementor-element elementor-element-871b883 wcf-t-animation-none elementor-widget elementor-widget-wcf--text\" data-id=\"871b883\" data-element_type=\"widget\" data-e-type=\"widget\" data-settings=\"{&quot;wcf_text_animation&quot;:&quot;none&quot;,&quot;wcf-animation&quot;:&quot;none&quot;}\" data-widget_type=\"wcf--text.default\">\n\t\t\t\t<div class=\"elementor-widget-container\">\n\t\t\t\t\t<div class=\"wcf--text\"><p><strong>Technische Grafiken und Individualisierung f\u00fcr den Bike-Bereich<\/strong><\/p><p>Im professionellen und sportlichen Radsport ist grafische Individualisierung ein zentrales Unterscheidungsmerkmal, das \u00c4sthetik, Leistung und Markenidentit\u00e4t vereint. Seri-Art entwickelt Dekorationen und technische Grafiken f\u00fcr Fahrr\u00e4der, Helme und Zubeh\u00f6r unter Einsatz leistungsstarker Materialien sowie pr\u00e4ziser Sieb- und Digitaldrucktechniken. <\/p><p>Die Grafiken werden auf selbstklebenden Folien, Polycarbonat oder Crystal gedruckt und sind best\u00e4ndig gegen St\u00f6\u00dfe, UV-Strahlung und Temperaturschwankungen \u2013 ideal f\u00fcr Wettk\u00e4mpfe und intensive Nutzung. Das Ergebnis ist ein Produkt mit hoher visueller Wirkung und maximaler Widerstandsf\u00e4higkeit, perfekt anpassbar an gebogene Rahmen- und Helmobefl\u00e4chen. <\/p><\/div>\t\t\t\t<\/div>\n\t\t\t\t<\/div>\n\t\t\t\t<\/div>\n\t\t<div class=\"elementor-element elementor-element-f4a6aab e-con-full e-flex e-con e-child\" data-id=\"f4a6aab\" data-element_type=\"container\" data-e-type=\"container\" data-settings=\"{&quot;wcf_enable_cursor_hover_effect_text&quot;:&quot;View&quot;,&quot;wcf-animation&quot;:&quot;none&quot;,&quot;wcf_enable_pin_area&quot;:&quot;no&quot;,&quot;aae_enable_header_sticky_area&quot;:&quot;no&quot;,&quot;wcf_enable_horizontal_scroll&quot;:&quot;no&quot;}\">\n\t\t\t\t<div class=\"elementor-element elementor-element-9929694 wcf-t-animation-none elementor-widget elementor-widget-wcf--text\" data-id=\"9929694\" data-element_type=\"widget\" data-e-type=\"widget\" data-settings=\"{&quot;wcf_text_animation&quot;:&quot;none&quot;,&quot;wcf-animation&quot;:&quot;none&quot;}\" data-widget_type=\"wcf--text.default\">\n\t\t\t\t<div class=\"elementor-widget-container\">\n\t\t\t\t\t<div class=\"wcf--text\"><p><strong>Ma\u00dfgeschneiderte L\u00f6sungen f\u00fcr Hersteller und Sportteams<\/strong><\/p><p>Dank eines \u00fcber sechzig Jahre aufgebauten Know-hows kann Seri-Art Dekorationen f\u00fcr komplette Produktlinien liefern: von Logos \u00fcber Designdetails bis hin zu Grafiken f\u00fcr Events oder Sondereditionen. Die Erfahrung im Druck auf Polycarbonatplatten gew\u00e4hrleistet auch bei komplexen Bauteilen perfekte Haftung und professionelle Oberfl\u00e4chen. <\/p><p>Durch die interne Abwicklung aller Produktionsphasen (Gestaltung, Druck, Stanz und Verpackung) bietet Seri-Art einen integrierten und zuverl\u00e4ssigen Service. Unsere Mission ist es, jede Marke mit hochwertigen Grafikl\u00f6sungen aufzuwerten, die langlebig sind und sich auf jeder Strecke oder jedem Trail abheben. <\/p><\/div>\t\t\t\t<\/div>\n\t\t\t\t<\/div>\n\t\t\t\t<\/div>\n\t\t\t\t\t<\/div>\n\t\t\t\t<\/div>\n\t\t<div class=\"elementor-element elementor-element-0705472 e-flex e-con-boxed e-con e-parent\" data-id=\"0705472\" data-element_type=\"container\" data-e-type=\"container\" data-settings=\"{&quot;wcf_enable_cursor_hover_effect_text&quot;:&quot;View&quot;,&quot;wcf-animation&quot;:&quot;none&quot;,&quot;wcf_enable_pin_area&quot;:&quot;no&quot;,&quot;aae_enable_header_sticky_area&quot;:&quot;no&quot;,&quot;wcf_enable_horizontal_scroll&quot;:&quot;no&quot;}\">\n\t\t\t\t\t<div class=\"e-con-inner\">\n\t\t\t\t<div class=\"elementor-element elementor-element-6b8ca1a elementor-widget elementor-widget-wcf--filterable-gallery\" data-id=\"6b8ca1a\" data-element_type=\"widget\" data-e-type=\"widget\" data-settings=\"{&quot;wcf-animation&quot;:&quot;none&quot;}\" data-widget_type=\"wcf--filterable-gallery.default\">\n\t\t\t\t<div class=\"elementor-widget-container\">\n\t\t\t\t\t        <div class=\"wcf--filterable-gallery style-grid\">\r\n\t\t\t        <div class=\"gallery-wrapper\">\r\n\t\t\t\t\t\t\t                <div class=\"mix gallery-item horizontal \">\r\n                    <img decoding=\"async\" src=\"https:\/\/www.seri-art.it\/wp-content\/uploads\/2025\/12\/MZ1_5089_rid.jpg\"\r\n                         alt=\"\">\r\n\t\t\t\t\t                <\/div>\r\n\t\t\t\t\t\t\t                <div class=\"mix gallery-item horizontal \">\r\n                    <img decoding=\"async\" src=\"https:\/\/www.seri-art.it\/wp-content\/uploads\/2025\/12\/MZ1_5097_rid.jpg\"\r\n                         alt=\"\">\r\n\t\t\t\t\t                <\/div>\r\n\t\t\t\t\t\t\t                <div class=\"mix gallery-item horizontal \">\r\n                    <img decoding=\"async\" src=\"https:\/\/www.seri-art.it\/wp-content\/uploads\/2026\/01\/SCHEDA_POWERheroes_rid.jpg\"\r\n                         alt=\"\">\r\n\t\t\t\t\t                <\/div>\r\n\t\t\t        <\/div>\r\n\t\t        <\/div>\r\n\t\t\t\t\t\t<\/div>\n\t\t\t\t<\/div>\n\t\t\t\t\t<\/div>\n\t\t\t\t<\/div>\n\t\t\t\t<\/div>\n\t\t","protected":false},"excerpt":{"rendered":"<p>Radsport Technische Grafiken und Individualisierung f\u00fcr den Bike-Bereich Im professionellen und sportlichen Radsport ist grafische Individualisierung ein zentrales Unterscheidungsmerkmal, das \u00c4sthetik, Leistung und Markenidentit\u00e4t vereint. Seri-Art entwickelt Dekorationen und technische Grafiken f\u00fcr Fahrr\u00e4der, Helme und Zubeh\u00f6r unter Einsatz leistungsstarker Materialien sowie pr\u00e4ziser Sieb- und Digitaldrucktechniken. Die Grafiken werden auf selbstklebenden Folien, Polycarbonat oder Crystal gedruckt [&hellip;]<\/p>\n","protected":false},"author":1,"featured_media":0,"parent":0,"menu_order":0,"comment_status":"closed","ping_status":"closed","template":"elementor_header_footer","meta":{"footnotes":""},"class_list":["post-19265","page","type-page","status-publish","hentry"],"_links":{"self":[{"href":"https:\/\/www.seri-art.it\/de\/wp-json\/wp\/v2\/pages\/19265","targetHints":{"allow":["GET"]}}],"collection":[{"href":"https:\/\/www.seri-art.it\/de\/wp-json\/wp\/v2\/pages"}],"about":[{"href":"https:\/\/www.seri-art.it\/de\/wp-json\/wp\/v2\/types\/page"}],"author":[{"embeddable":true,"href":"https:\/\/www.seri-art.it\/de\/wp-json\/wp\/v2\/users\/1"}],"replies":[{"embeddable":true,"href":"https:\/\/www.seri-art.it\/de\/wp-json\/wp\/v2\/comments?post=19265"}],"version-history":[{"count":1,"href":"https:\/\/www.seri-art.it\/de\/wp-json\/wp\/v2\/pages\/19265\/revisions"}],"predecessor-version":[{"id":19266,"href":"https:\/\/www.seri-art.it\/de\/wp-json\/wp\/v2\/pages\/19265\/revisions\/19266"}],"wp:attachment":[{"href":"https:\/\/www.seri-art.it\/de\/wp-json\/wp\/v2\/media?parent=19265"}],"curies":[{"name":"wp","href":"https:\/\/api.w.org\/{rel}","templated":true}]}}