{"id":19270,"date":"2025-12-09T10:33:10","date_gmt":"2025-12-09T10:33:10","guid":{"rendered":"https:\/\/seriart1.pixelprime.me\/motorrad\/"},"modified":"2026-01-28T13:22:13","modified_gmt":"2026-01-28T13:22:13","slug":"motorrad","status":"publish","type":"page","link":"https:\/\/www.seri-art.it\/de\/motorrad\/","title":{"rendered":"Motorrad"},"content":{"rendered":"\t\t<div data-elementor-type=\"wp-page\" data-elementor-id=\"19270\" class=\"elementor elementor-19270 elementor-17889\" data-elementor-post-type=\"page\">\n\t\t\t\t<div class=\"elementor-element elementor-element-2f235e3 e-flex e-con-boxed e-con e-parent\" data-id=\"2f235e3\" data-element_type=\"container\" data-e-type=\"container\" data-settings=\"{&quot;wcf_enable_cursor_hover_effect_text&quot;:&quot;View&quot;,&quot;wcf-animation&quot;:&quot;none&quot;,&quot;wcf_enable_pin_area&quot;:&quot;no&quot;,&quot;aae_enable_header_sticky_area&quot;:&quot;no&quot;,&quot;wcf_enable_horizontal_scroll&quot;:&quot;no&quot;}\">\n\t\t\t\t\t<div class=\"e-con-inner\">\n\t\t<div class=\"elementor-element elementor-element-265f7f0 e-con-full e-flex e-con e-child\" data-id=\"265f7f0\" data-element_type=\"container\" data-e-type=\"container\" data-settings=\"{&quot;wcf_enable_cursor_hover_effect_text&quot;:&quot;View&quot;,&quot;wcf-animation&quot;:&quot;none&quot;,&quot;wcf_enable_pin_area&quot;:&quot;no&quot;,&quot;aae_enable_header_sticky_area&quot;:&quot;no&quot;,&quot;wcf_enable_horizontal_scroll&quot;:&quot;no&quot;}\">\n\t\t\t\t<div class=\"elementor-element elementor-element-20fcb91 elementor-widget__width-initial elementor-widget-laptop__width-initial wcf-t-animation-none elementor-widget elementor-widget-wcf--title\" data-id=\"20fcb91\" data-element_type=\"widget\" data-e-type=\"widget\" data-settings=\"{&quot;wcf-animation&quot;:&quot;fade&quot;,&quot;delay&quot;:0.25,&quot;data-duration&quot;:0.75,&quot;fade-offset&quot;:40,&quot;wcf_text_animation&quot;:&quot;none&quot;,&quot;aae_method&quot;:&quot;from&quot;,&quot;aae_trigger&quot;:&quot;on_scroll&quot;,&quot;fade-from&quot;:&quot;bottom&quot;,&quot;ease&quot;:&quot;power2.out&quot;}\" data-widget_type=\"wcf--title.default\">\n\t\t\t\t<div class=\"elementor-widget-container\">\n\t\t\t\t\t<h2 class=\"wcf--title\">Motorrad<\/h2>\t\t\t\t<\/div>\n\t\t\t\t<\/div>\n\t\t\t\t<\/div>\n\t\t\t\t\t<\/div>\n\t\t\t\t<\/div>\n\t\t<div class=\"elementor-element elementor-element-d59bea6 e-flex e-con-boxed e-con e-parent\" data-id=\"d59bea6\" data-element_type=\"container\" data-e-type=\"container\" data-settings=\"{&quot;wcf_enable_cursor_hover_effect_text&quot;:&quot;View&quot;,&quot;wcf-animation&quot;:&quot;none&quot;,&quot;wcf_enable_pin_area&quot;:&quot;no&quot;,&quot;aae_enable_header_sticky_area&quot;:&quot;no&quot;,&quot;wcf_enable_horizontal_scroll&quot;:&quot;no&quot;}\">\n\t\t\t\t\t<div class=\"e-con-inner\">\n\t\t<div class=\"elementor-element elementor-element-7f82aab e-con-full e-flex e-con e-child\" data-id=\"7f82aab\" data-element_type=\"container\" data-e-type=\"container\" data-settings=\"{&quot;wcf_enable_cursor_hover_effect_text&quot;:&quot;View&quot;,&quot;wcf-animation&quot;:&quot;none&quot;,&quot;wcf_enable_pin_area&quot;:&quot;no&quot;,&quot;aae_enable_header_sticky_area&quot;:&quot;no&quot;,&quot;wcf_enable_horizontal_scroll&quot;:&quot;no&quot;}\">\n\t\t\t\t<div class=\"elementor-element elementor-element-871b883 wcf-t-animation-none elementor-widget elementor-widget-wcf--text\" data-id=\"871b883\" data-element_type=\"widget\" data-e-type=\"widget\" data-settings=\"{&quot;wcf_text_animation&quot;:&quot;none&quot;,&quot;wcf-animation&quot;:&quot;none&quot;}\" data-widget_type=\"wcf--text.default\">\n\t\t\t\t<div class=\"elementor-widget-container\">\n\t\t\t\t\t<div class=\"wcf--text\"><p><strong>Grafik, Widerstandsf\u00e4higkeit und Performance f\u00fcr den Motorradsektor<\/strong><\/p><p>Im Motorradsektor ist die auf Oberfl\u00e4chen aufgebrachte Grafik nicht nur ein \u00e4sthetisches Element, sondern ein integraler Bestandteil von Leistung und Fahrzeugidentit\u00e4t. Seri-Art fertigt selbstklebende Kits und Dekorationen aus Crystal oder Polycarbonat f\u00fcr Motocross-, Stra\u00dfen- und Rennmotorr\u00e4der und garantiert Widerstandsf\u00e4higkeit, Farbbrillanz und lange Lebensdauer auch unter extremen Bedingungen.<br>Sieb- und Digitaldruck erm\u00f6glichen intensive Farben und pr\u00e4zise Details, die gegen Kratzer, Abrieb, St\u00f6\u00dfe und Witterungseinfl\u00fcsse best\u00e4ndig sind. <\/p><p>PVC mit 300\/400 Mykron St\u00e4rke, kombiniert mit spezifischen doppelseitigen Kleben, gew\u00e4hrleistet optimale Haftung auch auf Kunststoffen mit niedriger Oberfl\u00e4chenenergie wie PP und ABS. Jede Grafik ist so konzipiert, dass sie sich dank Hei\u00dfapplikationstechniken perfekt an die Linien des Fahrzeugs anpasst. <\/p><\/div>\t\t\t\t<\/div>\n\t\t\t\t<\/div>\n\t\t\t\t<\/div>\n\t\t<div class=\"elementor-element elementor-element-f4a6aab e-con-full e-flex e-con e-child\" data-id=\"f4a6aab\" data-element_type=\"container\" data-e-type=\"container\" data-settings=\"{&quot;wcf_enable_cursor_hover_effect_text&quot;:&quot;View&quot;,&quot;wcf-animation&quot;:&quot;none&quot;,&quot;wcf_enable_pin_area&quot;:&quot;no&quot;,&quot;aae_enable_header_sticky_area&quot;:&quot;no&quot;,&quot;wcf_enable_horizontal_scroll&quot;:&quot;no&quot;}\">\n\t\t\t\t<div class=\"elementor-element elementor-element-9929694 wcf-t-animation-none elementor-widget elementor-widget-wcf--text\" data-id=\"9929694\" data-element_type=\"widget\" data-e-type=\"widget\" data-settings=\"{&quot;wcf_text_animation&quot;:&quot;none&quot;,&quot;wcf-animation&quot;:&quot;none&quot;}\" data-widget_type=\"wcf--text.default\">\n\t\t\t\t<div class=\"elementor-widget-container\">\n\t\t\t\t\t<div class=\"wcf--text\"><p><strong>Individuelle Dekorationen f\u00fcr Stra\u00dfen- und Offroad-Motorr\u00e4der<\/strong><\/p><p>Die Projekte entstehen in enger Zusammenarbeit mit Herstellern, Werkst\u00e4tten und Rennteams. Seri-Art bietet komplette Grafikl\u00f6sungen \u2013 vom Design \u00fcber die Produktion bis zur Verpackung \u2013 und garantiert kurze Lieferzeiten, Pr\u00e4zision und visuelle Konsistenz aller Komponenten.<br>Unsere Crystal-Dekorationen sind auf Best\u00e4ndigkeit gegen Reibung, Vibrationen und Temperaturschwankungen getestet und bewahren langfristig ihr urspr\u00fcngliches Erscheinungsbild und ihre Farbintensit\u00e4t. <\/p><p>Mit \u00fcber sechzig Jahren Erfahrung im industriellen Druck auf spezifischen Materialien ist Seri-Art ein verl\u00e4sslicher Partner im Motorsport- und Motorradbereich. Jede Umsetzung vereint Innovation, \u00c4sthetik und Zuverl\u00e4ssigkeit, gedacht f\u00fcr alle, die sich auf der Stra\u00dfe und auf der Rennstrecke mit leistungsstarken und langlebigen Grafiken von anderen abheben m\u00f6chten. <\/p><\/div>\t\t\t\t<\/div>\n\t\t\t\t<\/div>\n\t\t\t\t<\/div>\n\t\t\t\t\t<\/div>\n\t\t\t\t<\/div>\n\t\t<div class=\"elementor-element elementor-element-0705472 e-flex e-con-boxed e-con e-parent\" data-id=\"0705472\" data-element_type=\"container\" data-e-type=\"container\" data-settings=\"{&quot;wcf_enable_cursor_hover_effect_text&quot;:&quot;View&quot;,&quot;wcf-animation&quot;:&quot;none&quot;,&quot;wcf_enable_pin_area&quot;:&quot;no&quot;,&quot;aae_enable_header_sticky_area&quot;:&quot;no&quot;,&quot;wcf_enable_horizontal_scroll&quot;:&quot;no&quot;}\">\n\t\t\t\t\t<div class=\"e-con-inner\">\n\t\t\t\t<div class=\"elementor-element elementor-element-6b8ca1a elementor-widget elementor-widget-wcf--filterable-gallery\" data-id=\"6b8ca1a\" data-element_type=\"widget\" data-e-type=\"widget\" data-settings=\"{&quot;wcf-animation&quot;:&quot;none&quot;}\" data-widget_type=\"wcf--filterable-gallery.default\">\n\t\t\t\t<div class=\"elementor-widget-container\">\n\t\t\t\t\t        <div class=\"wcf--filterable-gallery style-grid\">\r\n\t\t\t        <div class=\"gallery-wrapper\">\r\n\t\t\t\t\t\t\t                <div class=\"mix gallery-item  \">\r\n                    <img decoding=\"async\" src=\"https:\/\/www.seri-art.it\/wp-content\/uploads\/2025\/12\/MZ1_5179.jpg\"\r\n                         alt=\"\">\r\n\t\t\t\t\t                <\/div>\r\n\t\t\t\t\t\t\t                <div class=\"mix gallery-item  \">\r\n                    <img decoding=\"async\" src=\"https:\/\/www.seri-art.it\/wp-content\/uploads\/2025\/12\/seri-art-settore-motocicli-e1601475585653.jpg\"\r\n                         alt=\"\">\r\n\t\t\t\t\t                <\/div>\r\n\t\t\t\t\t\t\t                <div class=\"mix gallery-item  \">\r\n                    <img decoding=\"async\" src=\"https:\/\/www.seri-art.it\/wp-content\/uploads\/2025\/12\/342321_1290-SUPER-DUKE-R-2020_EU_-Global.jpg\"\r\n                         alt=\"\">\r\n\t\t\t\t\t                <\/div>\r\n\t\t\t        <\/div>\r\n\t\t        <\/div>\r\n\t\t\t\t\t\t<\/div>\n\t\t\t\t<\/div>\n\t\t\t\t\t<\/div>\n\t\t\t\t<\/div>\n\t\t\t\t<\/div>\n\t\t","protected":false},"excerpt":{"rendered":"<p>Motorrad Grafik, Widerstandsf\u00e4higkeit und Performance f\u00fcr den Motorradsektor Im Motorradsektor ist die auf Oberfl\u00e4chen aufgebrachte Grafik nicht nur ein \u00e4sthetisches Element, sondern ein integraler Bestandteil von Leistung und Fahrzeugidentit\u00e4t. Seri-Art fertigt selbstklebende Kits und Dekorationen aus Crystal oder Polycarbonat f\u00fcr Motocross-, Stra\u00dfen- und Rennmotorr\u00e4der und garantiert Widerstandsf\u00e4higkeit, Farbbrillanz und lange Lebensdauer auch unter extremen Bedingungen.Sieb- [&hellip;]<\/p>\n","protected":false},"author":1,"featured_media":0,"parent":0,"menu_order":0,"comment_status":"closed","ping_status":"closed","template":"elementor_header_footer","meta":{"footnotes":""},"class_list":["post-19270","page","type-page","status-publish","hentry"],"_links":{"self":[{"href":"https:\/\/www.seri-art.it\/de\/wp-json\/wp\/v2\/pages\/19270","targetHints":{"allow":["GET"]}}],"collection":[{"href":"https:\/\/www.seri-art.it\/de\/wp-json\/wp\/v2\/pages"}],"about":[{"href":"https:\/\/www.seri-art.it\/de\/wp-json\/wp\/v2\/types\/page"}],"author":[{"embeddable":true,"href":"https:\/\/www.seri-art.it\/de\/wp-json\/wp\/v2\/users\/1"}],"replies":[{"embeddable":true,"href":"https:\/\/www.seri-art.it\/de\/wp-json\/wp\/v2\/comments?post=19270"}],"version-history":[{"count":1,"href":"https:\/\/www.seri-art.it\/de\/wp-json\/wp\/v2\/pages\/19270\/revisions"}],"predecessor-version":[{"id":19271,"href":"https:\/\/www.seri-art.it\/de\/wp-json\/wp\/v2\/pages\/19270\/revisions\/19271"}],"wp:attachment":[{"href":"https:\/\/www.seri-art.it\/de\/wp-json\/wp\/v2\/media?parent=19270"}],"curies":[{"name":"wp","href":"https:\/\/api.w.org\/{rel}","templated":true}]}}