{"id":19293,"date":"2025-12-05T10:11:04","date_gmt":"2025-12-05T10:11:04","guid":{"rendered":"https:\/\/seriart1.pixelprime.me\/siebdruck\/crystal-fuer-go-karts-und-motorfahrraeder\/"},"modified":"2026-01-28T13:31:22","modified_gmt":"2026-01-28T13:31:22","slug":"crystal-fuer-go-karts-und-motorfahrraeder","status":"publish","type":"page","link":"https:\/\/www.seri-art.it\/de\/siebdruck\/crystal-fuer-go-karts-und-motorfahrraeder\/","title":{"rendered":"Crystal f\u00fcr Go-Karts und Motorfahrr\u00e4der"},"content":{"rendered":"\t\t<div data-elementor-type=\"wp-page\" data-elementor-id=\"19293\" class=\"elementor elementor-19293 elementor-17691\" data-elementor-post-type=\"page\">\n\t\t\t\t<div class=\"elementor-element elementor-element-2f235e3 e-flex e-con-boxed e-con e-parent\" data-id=\"2f235e3\" data-element_type=\"container\" data-e-type=\"container\" data-settings=\"{&quot;wcf_enable_cursor_hover_effect_text&quot;:&quot;View&quot;,&quot;wcf-animation&quot;:&quot;none&quot;,&quot;wcf_enable_pin_area&quot;:&quot;no&quot;,&quot;aae_enable_header_sticky_area&quot;:&quot;no&quot;,&quot;wcf_enable_horizontal_scroll&quot;:&quot;no&quot;}\">\n\t\t\t\t\t<div class=\"e-con-inner\">\n\t\t<div class=\"elementor-element elementor-element-265f7f0 e-con-full e-flex e-con e-child\" data-id=\"265f7f0\" data-element_type=\"container\" data-e-type=\"container\" data-settings=\"{&quot;wcf_enable_cursor_hover_effect_text&quot;:&quot;View&quot;,&quot;wcf-animation&quot;:&quot;none&quot;,&quot;wcf_enable_pin_area&quot;:&quot;no&quot;,&quot;aae_enable_header_sticky_area&quot;:&quot;no&quot;,&quot;wcf_enable_horizontal_scroll&quot;:&quot;no&quot;}\">\n\t\t\t\t<div class=\"elementor-element elementor-element-20fcb91 elementor-widget__width-initial elementor-widget-laptop__width-initial wcf-t-animation-none elementor-widget elementor-widget-wcf--title\" data-id=\"20fcb91\" data-element_type=\"widget\" data-e-type=\"widget\" data-settings=\"{&quot;wcf-animation&quot;:&quot;fade&quot;,&quot;delay&quot;:0.25,&quot;data-duration&quot;:0.75,&quot;fade-offset&quot;:40,&quot;wcf_text_animation&quot;:&quot;none&quot;,&quot;aae_method&quot;:&quot;from&quot;,&quot;aae_trigger&quot;:&quot;on_scroll&quot;,&quot;fade-from&quot;:&quot;bottom&quot;,&quot;ease&quot;:&quot;power2.out&quot;}\" data-widget_type=\"wcf--title.default\">\n\t\t\t\t<div class=\"elementor-widget-container\">\n\t\t\t\t\t<h2 class=\"wcf--title\">Crystal f\u00fcr Go-Karts und Motorfahrr\u00e4der<\/h2>\t\t\t\t<\/div>\n\t\t\t\t<\/div>\n\t\t\t\t<\/div>\n\t\t\t\t\t<\/div>\n\t\t\t\t<\/div>\n\t\t<div class=\"elementor-element elementor-element-b64136e e-con-full e-flex e-con e-parent\" data-id=\"b64136e\" data-element_type=\"container\" data-e-type=\"container\" data-settings=\"{&quot;background_background&quot;:&quot;classic&quot;,&quot;wcf_enable_cursor_hover_effect_text&quot;:&quot;View&quot;,&quot;wcf-animation&quot;:&quot;none&quot;,&quot;wcf_enable_pin_area&quot;:&quot;no&quot;,&quot;aae_enable_header_sticky_area&quot;:&quot;no&quot;,&quot;wcf_enable_horizontal_scroll&quot;:&quot;no&quot;}\">\n\t\t<div class=\"aae-disable-transition elementor-element elementor-element-59a4062 e-con-full e-flex e-con e-child\" data-id=\"59a4062\" data-element_type=\"container\" data-e-type=\"container\" data-settings=\"{&quot;wcf_enable_cursor_hover_effect_text&quot;:&quot;View&quot;,&quot;background_background&quot;:&quot;slideshow&quot;,&quot;wcf-animation&quot;:&quot;fade&quot;,&quot;data-duration&quot;:0.75,&quot;fade-offset&quot;:40,&quot;background_slideshow_gallery&quot;:[{&quot;id&quot;:19292,&quot;url&quot;:&quot;https:\\\/\\\/www.seri-art.it\\\/wp-content\\\/uploads\\\/2026\\\/01\\\/CRYSTAL-GOKART_rid.jpg&quot;},{&quot;id&quot;:19289,&quot;url&quot;:&quot;https:\\\/\\\/www.seri-art.it\\\/wp-content\\\/uploads\\\/2025\\\/12\\\/IMG_0577.jpg&quot;},{&quot;id&quot;:19290,&quot;url&quot;:&quot;https:\\\/\\\/www.seri-art.it\\\/wp-content\\\/uploads\\\/2025\\\/12\\\/MZ1_5185.jpg&quot;},{&quot;id&quot;:19291,&quot;url&quot;:&quot;https:\\\/\\\/www.seri-art.it\\\/wp-content\\\/uploads\\\/2025\\\/12\\\/MZ1_5202.jpg&quot;}],&quot;background_slideshow_slide_duration&quot;:3000,&quot;background_slideshow_ken_burns&quot;:&quot;yes&quot;,&quot;background_slideshow_loop&quot;:&quot;yes&quot;,&quot;background_slideshow_slide_transition&quot;:&quot;fade&quot;,&quot;background_slideshow_transition_duration&quot;:500,&quot;background_slideshow_ken_burns_zoom_direction&quot;:&quot;in&quot;,&quot;aae_method&quot;:&quot;from&quot;,&quot;aae_trigger&quot;:&quot;on_scroll&quot;,&quot;delay&quot;:0.1499999999999999944488848768742172978818416595458984375,&quot;fade-from&quot;:&quot;bottom&quot;,&quot;ease&quot;:&quot;power2.out&quot;,&quot;wcf_enable_pin_area&quot;:&quot;no&quot;,&quot;aae_enable_header_sticky_area&quot;:&quot;no&quot;,&quot;wcf_enable_horizontal_scroll&quot;:&quot;no&quot;}\">\n\t\t\t\t<\/div>\n\t\t<div class=\"elementor-element elementor-element-4099855 e-con-full e-flex e-con e-child\" data-id=\"4099855\" data-element_type=\"container\" data-e-type=\"container\" data-settings=\"{&quot;wcf_enable_cursor_hover_effect_text&quot;:&quot;View&quot;,&quot;wcf-animation&quot;:&quot;none&quot;,&quot;wcf_enable_pin_area&quot;:&quot;no&quot;,&quot;aae_enable_header_sticky_area&quot;:&quot;no&quot;,&quot;wcf_enable_horizontal_scroll&quot;:&quot;no&quot;}\">\n\t\t\t\t<div class=\"elementor-element elementor-element-65e3416 elementor-widget__width-initial elementor-widget-laptop__width-inherit wcf-t-animation-none elementor-widget elementor-widget-wcf--text\" data-id=\"65e3416\" data-element_type=\"widget\" data-e-type=\"widget\" data-settings=\"{&quot;wcf-animation&quot;:&quot;fade&quot;,&quot;data-duration&quot;:0.75,&quot;fade-offset&quot;:40,&quot;wcf_text_animation&quot;:&quot;none&quot;,&quot;aae_method&quot;:&quot;from&quot;,&quot;aae_trigger&quot;:&quot;on_scroll&quot;,&quot;delay&quot;:0.1499999999999999944488848768742172978818416595458984375,&quot;fade-from&quot;:&quot;bottom&quot;,&quot;ease&quot;:&quot;power2.out&quot;}\" data-widget_type=\"wcf--text.default\">\n\t\t\t\t<div class=\"elementor-widget-container\">\n\t\t\t\t\t<div class=\"wcf--text\"><p><strong>Crystal-Grafikkits f\u00fcr Motofahrr\u00e4der und Go-Karts<\/strong><\/p><p>Seri-Art ist auf die Herstellung von Crystal-Grafikkits f\u00fcr die Motorbike- und Go-Kart-Branche spezialisiert. Dieses PVC-Material in verschiedenen St\u00e4rken, auch als \u201eMorbidone\u201c bekannt, vereint Elastizit\u00e4t, Brillanz und Abriebfestigkeit.<br>Es eignet sich f\u00fcr Sieb- und Digitaldruck und wird mit speziellen doppelseitigen Kleben f\u00fcr Kunststoffe wie Polypropylen und Polyethylen verkoppelt, um perfekte Haftung und lange Haltbarkeit auch auf niederenergetischen Oberfl\u00e4chen zu gew\u00e4hrleisten. <\/p><p><strong>Maximale Haftung, Widerstandsf\u00e4higkeit und dauerhafte Brillanz<\/strong><\/p><p>Crystal ist ideal f\u00fcr komplexe und gebogene Oberfl\u00e4chen und passt sich perfekt jeder Verkleidung an. Es widersteht St\u00f6\u00dfen, Reibung und mechanischer Beanspruchung und beh\u00e4lt dauerhaft leuchtende Farben. Es kann mit verschiedenen Spezialeffekten (z. B. fluoreszierend, irisierend, perlmuttartig oder glitzernd) bedruckt werden, um eine besonders starke visuelle Wirkung zu erzielen.  <\/p><p>Auch in anderen Branchen eingesetzt, stellt Crystal eine vielseitige, widerstandsf\u00e4hige und hochgradig individualisierbare L\u00f6sung zur Aufwertung unterschiedlichster Oberfl\u00e4chen dar.<\/p><\/div>\t\t\t\t<\/div>\n\t\t\t\t<\/div>\n\t\t\t\t<\/div>\n\t\t\t\t<\/div>\n\t\t\t\t<\/div>\n\t\t","protected":false},"excerpt":{"rendered":"<p>Crystal f\u00fcr Go-Karts und Motorfahrr\u00e4der Crystal-Grafikkits f\u00fcr Motofahrr\u00e4der und Go-Karts Seri-Art ist auf die Herstellung von Crystal-Grafikkits f\u00fcr die Motorbike- und Go-Kart-Branche spezialisiert. Dieses PVC-Material in verschiedenen St\u00e4rken, auch als \u201eMorbidone\u201c bekannt, vereint Elastizit\u00e4t, Brillanz und Abriebfestigkeit.Es eignet sich f\u00fcr Sieb- und Digitaldruck und wird mit speziellen doppelseitigen Kleben f\u00fcr Kunststoffe wie Polypropylen und Polyethylen [&hellip;]<\/p>\n","protected":false},"author":1,"featured_media":0,"parent":19175,"menu_order":0,"comment_status":"closed","ping_status":"closed","template":"elementor_header_footer","meta":{"footnotes":""},"class_list":["post-19293","page","type-page","status-publish","hentry"],"_links":{"self":[{"href":"https:\/\/www.seri-art.it\/de\/wp-json\/wp\/v2\/pages\/19293","targetHints":{"allow":["GET"]}}],"collection":[{"href":"https:\/\/www.seri-art.it\/de\/wp-json\/wp\/v2\/pages"}],"about":[{"href":"https:\/\/www.seri-art.it\/de\/wp-json\/wp\/v2\/types\/page"}],"author":[{"embeddable":true,"href":"https:\/\/www.seri-art.it\/de\/wp-json\/wp\/v2\/users\/1"}],"replies":[{"embeddable":true,"href":"https:\/\/www.seri-art.it\/de\/wp-json\/wp\/v2\/comments?post=19293"}],"version-history":[{"count":1,"href":"https:\/\/www.seri-art.it\/de\/wp-json\/wp\/v2\/pages\/19293\/revisions"}],"predecessor-version":[{"id":19294,"href":"https:\/\/www.seri-art.it\/de\/wp-json\/wp\/v2\/pages\/19293\/revisions\/19294"}],"up":[{"embeddable":true,"href":"https:\/\/www.seri-art.it\/de\/wp-json\/wp\/v2\/pages\/19175"}],"wp:attachment":[{"href":"https:\/\/www.seri-art.it\/de\/wp-json\/wp\/v2\/media?parent=19293"}],"curies":[{"name":"wp","href":"https:\/\/api.w.org\/{rel}","templated":true}]}}