{"id":19332,"date":"2024-04-18T10:30:42","date_gmt":"2024-04-18T10:30:42","guid":{"rendered":"https:\/\/seriart1.pixelprime.me\/siebdruck\/siebdruck-auf-selbstklebenden-etiketten\/"},"modified":"2026-01-28T13:37:22","modified_gmt":"2026-01-28T13:37:22","slug":"siebdruck-auf-selbstklebenden-etiketten","status":"publish","type":"page","link":"https:\/\/www.seri-art.it\/de\/siebdruck\/siebdruck-auf-selbstklebenden-etiketten\/","title":{"rendered":"Siebdruck auf selbstklebenden Etiketten"},"content":{"rendered":"\t\t<div data-elementor-type=\"wp-page\" data-elementor-id=\"19332\" class=\"elementor elementor-19332 elementor-1895\" data-elementor-post-type=\"page\">\n\t\t\t\t<div class=\"elementor-element elementor-element-2f235e3 e-flex e-con-boxed e-con e-parent\" data-id=\"2f235e3\" data-element_type=\"container\" data-e-type=\"container\" data-settings=\"{&quot;wcf_enable_cursor_hover_effect_text&quot;:&quot;View&quot;,&quot;wcf-animation&quot;:&quot;none&quot;,&quot;wcf_enable_pin_area&quot;:&quot;no&quot;,&quot;aae_enable_header_sticky_area&quot;:&quot;no&quot;,&quot;wcf_enable_horizontal_scroll&quot;:&quot;no&quot;}\">\n\t\t\t\t\t<div class=\"e-con-inner\">\n\t\t<div class=\"elementor-element elementor-element-265f7f0 e-con-full e-flex e-con e-child\" data-id=\"265f7f0\" data-element_type=\"container\" data-e-type=\"container\" data-settings=\"{&quot;wcf_enable_cursor_hover_effect_text&quot;:&quot;View&quot;,&quot;wcf-animation&quot;:&quot;none&quot;,&quot;wcf_enable_pin_area&quot;:&quot;no&quot;,&quot;aae_enable_header_sticky_area&quot;:&quot;no&quot;,&quot;wcf_enable_horizontal_scroll&quot;:&quot;no&quot;}\">\n\t\t\t\t<div class=\"elementor-element elementor-element-20fcb91 elementor-widget__width-initial elementor-widget-laptop__width-initial wcf-t-animation-none elementor-widget elementor-widget-wcf--title\" data-id=\"20fcb91\" data-element_type=\"widget\" data-e-type=\"widget\" data-settings=\"{&quot;wcf-animation&quot;:&quot;fade&quot;,&quot;delay&quot;:0.25,&quot;data-duration&quot;:0.75,&quot;fade-offset&quot;:40,&quot;wcf_text_animation&quot;:&quot;none&quot;,&quot;aae_method&quot;:&quot;from&quot;,&quot;aae_trigger&quot;:&quot;on_scroll&quot;,&quot;fade-from&quot;:&quot;bottom&quot;,&quot;ease&quot;:&quot;power2.out&quot;}\" data-widget_type=\"wcf--title.default\">\n\t\t\t\t<div class=\"elementor-widget-container\">\n\t\t\t\t\t<h2 class=\"wcf--title\">Siebdruck auf selbstklebenden Etiketten <\/h2>\t\t\t\t<\/div>\n\t\t\t\t<\/div>\n\t\t\t\t<\/div>\n\t\t\t\t\t<\/div>\n\t\t\t\t<\/div>\n\t\t<div class=\"elementor-element elementor-element-b64136e e-con-full e-flex e-con e-parent\" data-id=\"b64136e\" data-element_type=\"container\" data-e-type=\"container\" data-settings=\"{&quot;background_background&quot;:&quot;classic&quot;,&quot;wcf_enable_cursor_hover_effect_text&quot;:&quot;View&quot;,&quot;wcf-animation&quot;:&quot;none&quot;,&quot;wcf_enable_pin_area&quot;:&quot;no&quot;,&quot;aae_enable_header_sticky_area&quot;:&quot;no&quot;,&quot;wcf_enable_horizontal_scroll&quot;:&quot;no&quot;}\">\n\t\t<div class=\"aae-disable-transition elementor-element elementor-element-59a4062 e-con-full e-flex e-con e-child\" data-id=\"59a4062\" data-element_type=\"container\" data-e-type=\"container\" data-settings=\"{&quot;wcf_enable_cursor_hover_effect_text&quot;:&quot;View&quot;,&quot;background_background&quot;:&quot;slideshow&quot;,&quot;wcf-animation&quot;:&quot;fade&quot;,&quot;data-duration&quot;:0.75,&quot;fade-offset&quot;:40,&quot;background_slideshow_gallery&quot;:[{&quot;id&quot;:19326,&quot;url&quot;:&quot;https:\\\/\\\/www.seri-art.it\\\/wp-content\\\/uploads\\\/2025\\\/12\\\/MM1_9641_rid.jpg&quot;},{&quot;id&quot;:19327,&quot;url&quot;:&quot;https:\\\/\\\/www.seri-art.it\\\/wp-content\\\/uploads\\\/2025\\\/04\\\/emiliana-serbatoi-img.jpg&quot;},{&quot;id&quot;:19328,&quot;url&quot;:&quot;https:\\\/\\\/www.seri-art.it\\\/wp-content\\\/uploads\\\/2025\\\/04\\\/MZ1_5148_min.jpg&quot;},{&quot;id&quot;:19329,&quot;url&quot;:&quot;https:\\\/\\\/www.seri-art.it\\\/wp-content\\\/uploads\\\/2025\\\/04\\\/1.-ETICHETTE-ADESIVE-1-e1598618675516.jpg&quot;},{&quot;id&quot;:19330,&quot;url&quot;:&quot;https:\\\/\\\/www.seri-art.it\\\/wp-content\\\/uploads\\\/2025\\\/12\\\/MM1_9645_rid.jpg&quot;},{&quot;id&quot;:19331,&quot;url&quot;:&quot;https:\\\/\\\/www.seri-art.it\\\/wp-content\\\/uploads\\\/2025\\\/12\\\/MM1_9654_rid.jpg&quot;}],&quot;background_slideshow_slide_duration&quot;:3000,&quot;background_slideshow_ken_burns&quot;:&quot;yes&quot;,&quot;background_slideshow_loop&quot;:&quot;yes&quot;,&quot;background_slideshow_slide_transition&quot;:&quot;fade&quot;,&quot;background_slideshow_transition_duration&quot;:500,&quot;background_slideshow_ken_burns_zoom_direction&quot;:&quot;in&quot;,&quot;aae_method&quot;:&quot;from&quot;,&quot;aae_trigger&quot;:&quot;on_scroll&quot;,&quot;delay&quot;:0.1499999999999999944488848768742172978818416595458984375,&quot;fade-from&quot;:&quot;bottom&quot;,&quot;ease&quot;:&quot;power2.out&quot;,&quot;wcf_enable_pin_area&quot;:&quot;no&quot;,&quot;aae_enable_header_sticky_area&quot;:&quot;no&quot;,&quot;wcf_enable_horizontal_scroll&quot;:&quot;no&quot;}\">\n\t\t\t\t<\/div>\n\t\t<div class=\"elementor-element elementor-element-4099855 e-con-full e-flex e-con e-child\" data-id=\"4099855\" data-element_type=\"container\" data-e-type=\"container\" data-settings=\"{&quot;wcf_enable_cursor_hover_effect_text&quot;:&quot;View&quot;,&quot;wcf-animation&quot;:&quot;none&quot;,&quot;wcf_enable_pin_area&quot;:&quot;no&quot;,&quot;aae_enable_header_sticky_area&quot;:&quot;no&quot;,&quot;wcf_enable_horizontal_scroll&quot;:&quot;no&quot;}\">\n\t\t\t\t<div class=\"elementor-element elementor-element-65e3416 elementor-widget__width-initial elementor-widget-laptop__width-inherit wcf-t-animation-none elementor-widget elementor-widget-wcf--text\" data-id=\"65e3416\" data-element_type=\"widget\" data-e-type=\"widget\" data-settings=\"{&quot;wcf-animation&quot;:&quot;fade&quot;,&quot;data-duration&quot;:0.75,&quot;fade-offset&quot;:40,&quot;wcf_text_animation&quot;:&quot;none&quot;,&quot;aae_method&quot;:&quot;from&quot;,&quot;aae_trigger&quot;:&quot;on_scroll&quot;,&quot;delay&quot;:0.1499999999999999944488848768742172978818416595458984375,&quot;fade-from&quot;:&quot;bottom&quot;,&quot;ease&quot;:&quot;power2.out&quot;}\" data-widget_type=\"wcf--text.default\">\n\t\t\t\t<div class=\"elementor-widget-container\">\n\t\t\t\t\t<div class=\"wcf--text\"><h3><strong>Hochleistungsf\u00e4hige, individuell gestaltete Etiketten<\/strong><\/h3><p class=\"p1\">Dank unserer Erfahrung im industriellen Siebdruck fertigen wir ma\u00dfgeschneiderte selbstklebende Etiketten bis zu 6 Farben mit UV- oder Eco-Solvent-Farben auf Materialien wie PVC, PP und PET.<\/p><p><strong>Pr\u00e4zision, Zertifizierungen und Widerstandsf\u00e4higkeit f\u00fcr alle Branchen<\/strong><\/p><p>Unsere Etiketten finden Anwendung in zahlreichen Bereichen: Spielzeug, Fr\u00fchkindheitsprodukte, Motorr\u00e4der, Go-Karts, Landmaschinen, Fahrr\u00e4der, Kosmetik, Haushaltsger\u00e4te, Kommunikation und Verkaufsfl\u00e4chen. Jede Produktion entspricht den wichtigsten europ\u00e4ischen Sicherheitsnormen (REACH, RoHS, EN71, Phthalate Free, PVC Free) und verwendet zertifizierte Klebe, die auch auf niederenergetischen Oberfl\u00e4chen wie PP oder ABS zuverl\u00e4ssig haften. <\/p><p>F\u00fcr den Motorsportbereich verwenden wir 400-Mykron-Crystal mit speziellem Nitto-5015Tpi-Kleber. Die Etiketten werden je nach Anwendung angestanzt, ausgestanzt oder r\u00fcckseitig gestanzt, um eine schnelle und einfache Abl\u00f6sung zu gew\u00e4hrleisten. <\/p><\/div>\t\t\t\t<\/div>\n\t\t\t\t<\/div>\n\t\t\t\t<\/div>\n\t\t\t\t<\/div>\n\t\t\t\t<\/div>\n\t\t","protected":false},"excerpt":{"rendered":"<p>Siebdruck auf selbstklebenden Etiketten Hochleistungsf\u00e4hige, individuell gestaltete Etiketten Dank unserer Erfahrung im industriellen Siebdruck fertigen wir ma\u00dfgeschneiderte selbstklebende Etiketten bis zu 6 Farben mit UV- oder Eco-Solvent-Farben auf Materialien wie PVC, PP und PET. Pr\u00e4zision, Zertifizierungen und Widerstandsf\u00e4higkeit f\u00fcr alle Branchen Unsere Etiketten finden Anwendung in zahlreichen Bereichen: Spielzeug, Fr\u00fchkindheitsprodukte, Motorr\u00e4der, Go-Karts, Landmaschinen, Fahrr\u00e4der, Kosmetik, [&hellip;]<\/p>\n","protected":false},"author":1,"featured_media":0,"parent":19175,"menu_order":0,"comment_status":"closed","ping_status":"closed","template":"elementor_header_footer","meta":{"footnotes":""},"class_list":["post-19332","page","type-page","status-publish","hentry"],"_links":{"self":[{"href":"https:\/\/www.seri-art.it\/de\/wp-json\/wp\/v2\/pages\/19332","targetHints":{"allow":["GET"]}}],"collection":[{"href":"https:\/\/www.seri-art.it\/de\/wp-json\/wp\/v2\/pages"}],"about":[{"href":"https:\/\/www.seri-art.it\/de\/wp-json\/wp\/v2\/types\/page"}],"author":[{"embeddable":true,"href":"https:\/\/www.seri-art.it\/de\/wp-json\/wp\/v2\/users\/1"}],"replies":[{"embeddable":true,"href":"https:\/\/www.seri-art.it\/de\/wp-json\/wp\/v2\/comments?post=19332"}],"version-history":[{"count":1,"href":"https:\/\/www.seri-art.it\/de\/wp-json\/wp\/v2\/pages\/19332\/revisions"}],"predecessor-version":[{"id":19335,"href":"https:\/\/www.seri-art.it\/de\/wp-json\/wp\/v2\/pages\/19332\/revisions\/19335"}],"up":[{"embeddable":true,"href":"https:\/\/www.seri-art.it\/de\/wp-json\/wp\/v2\/pages\/19175"}],"wp:attachment":[{"href":"https:\/\/www.seri-art.it\/de\/wp-json\/wp\/v2\/media?parent=19332"}],"curies":[{"name":"wp","href":"https:\/\/api.w.org\/{rel}","templated":true}]}}