{"id":19340,"date":"2025-12-05T11:21:42","date_gmt":"2025-12-05T11:21:42","guid":{"rendered":"https:\/\/seriart1.pixelprime.me\/siebdruck\/siebdruck-auf-polycarbonatplatten\/"},"modified":"2026-01-28T13:38:35","modified_gmt":"2026-01-28T13:38:35","slug":"siebdruck-auf-polycarbonatplatten","status":"publish","type":"page","link":"https:\/\/www.seri-art.it\/de\/siebdruck\/siebdruck-auf-polycarbonatplatten\/","title":{"rendered":"Siebdruck auf Polycarbonatplatten"},"content":{"rendered":"\t\t<div data-elementor-type=\"wp-page\" data-elementor-id=\"19340\" class=\"elementor elementor-19340 elementor-17768\" data-elementor-post-type=\"page\">\n\t\t\t\t<div class=\"elementor-element elementor-element-2f235e3 e-flex e-con-boxed e-con e-parent\" data-id=\"2f235e3\" data-element_type=\"container\" data-e-type=\"container\" data-settings=\"{&quot;wcf_enable_cursor_hover_effect_text&quot;:&quot;View&quot;,&quot;wcf-animation&quot;:&quot;none&quot;,&quot;wcf_enable_pin_area&quot;:&quot;no&quot;,&quot;aae_enable_header_sticky_area&quot;:&quot;no&quot;,&quot;wcf_enable_horizontal_scroll&quot;:&quot;no&quot;}\">\n\t\t\t\t\t<div class=\"e-con-inner\">\n\t\t<div class=\"elementor-element elementor-element-265f7f0 e-con-full e-flex e-con e-child\" data-id=\"265f7f0\" data-element_type=\"container\" data-e-type=\"container\" data-settings=\"{&quot;wcf_enable_cursor_hover_effect_text&quot;:&quot;View&quot;,&quot;wcf-animation&quot;:&quot;none&quot;,&quot;wcf_enable_pin_area&quot;:&quot;no&quot;,&quot;aae_enable_header_sticky_area&quot;:&quot;no&quot;,&quot;wcf_enable_horizontal_scroll&quot;:&quot;no&quot;}\">\n\t\t\t\t<div class=\"elementor-element elementor-element-20fcb91 elementor-widget__width-initial elementor-widget-laptop__width-initial wcf-t-animation-none elementor-widget elementor-widget-wcf--title\" data-id=\"20fcb91\" data-element_type=\"widget\" data-e-type=\"widget\" data-settings=\"{&quot;wcf-animation&quot;:&quot;fade&quot;,&quot;delay&quot;:0.25,&quot;data-duration&quot;:0.75,&quot;fade-offset&quot;:40,&quot;wcf_text_animation&quot;:&quot;none&quot;,&quot;aae_method&quot;:&quot;from&quot;,&quot;aae_trigger&quot;:&quot;on_scroll&quot;,&quot;fade-from&quot;:&quot;bottom&quot;,&quot;ease&quot;:&quot;power2.out&quot;}\" data-widget_type=\"wcf--title.default\">\n\t\t\t\t<div class=\"elementor-widget-container\">\n\t\t\t\t\t<h2 class=\"wcf--title\">Siebdruck auf Polycarbonatplatten<\/h2>\t\t\t\t<\/div>\n\t\t\t\t<\/div>\n\t\t\t\t<\/div>\n\t\t\t\t\t<\/div>\n\t\t\t\t<\/div>\n\t\t<div class=\"elementor-element elementor-element-b64136e e-con-full e-flex e-con e-parent\" data-id=\"b64136e\" data-element_type=\"container\" data-e-type=\"container\" data-settings=\"{&quot;background_background&quot;:&quot;classic&quot;,&quot;wcf_enable_cursor_hover_effect_text&quot;:&quot;View&quot;,&quot;wcf-animation&quot;:&quot;none&quot;,&quot;wcf_enable_pin_area&quot;:&quot;no&quot;,&quot;aae_enable_header_sticky_area&quot;:&quot;no&quot;,&quot;wcf_enable_horizontal_scroll&quot;:&quot;no&quot;}\">\n\t\t<div class=\"aae-disable-transition elementor-element elementor-element-59a4062 e-con-full e-flex e-con e-child\" data-id=\"59a4062\" data-element_type=\"container\" data-e-type=\"container\" data-settings=\"{&quot;wcf_enable_cursor_hover_effect_text&quot;:&quot;View&quot;,&quot;background_background&quot;:&quot;slideshow&quot;,&quot;wcf-animation&quot;:&quot;fade&quot;,&quot;data-duration&quot;:0.75,&quot;fade-offset&quot;:40,&quot;background_slideshow_gallery&quot;:[{&quot;id&quot;:19339,&quot;url&quot;:&quot;https:\\\/\\\/www.seri-art.it\\\/wp-content\\\/uploads\\\/2025\\\/12\\\/MZ1_5094-1.jpg&quot;},{&quot;id&quot;:19337,&quot;url&quot;:&quot;https:\\\/\\\/www.seri-art.it\\\/wp-content\\\/uploads\\\/2025\\\/12\\\/IMG_0844.jpg&quot;},{&quot;id&quot;:19338,&quot;url&quot;:&quot;https:\\\/\\\/www.seri-art.it\\\/wp-content\\\/uploads\\\/2025\\\/12\\\/MM1_9733_rid.jpg&quot;}],&quot;background_slideshow_slide_duration&quot;:3000,&quot;background_slideshow_ken_burns&quot;:&quot;yes&quot;,&quot;background_slideshow_loop&quot;:&quot;yes&quot;,&quot;background_slideshow_slide_transition&quot;:&quot;fade&quot;,&quot;background_slideshow_transition_duration&quot;:500,&quot;background_slideshow_ken_burns_zoom_direction&quot;:&quot;in&quot;,&quot;aae_method&quot;:&quot;from&quot;,&quot;aae_trigger&quot;:&quot;on_scroll&quot;,&quot;delay&quot;:0.1499999999999999944488848768742172978818416595458984375,&quot;fade-from&quot;:&quot;bottom&quot;,&quot;ease&quot;:&quot;power2.out&quot;,&quot;wcf_enable_pin_area&quot;:&quot;no&quot;,&quot;aae_enable_header_sticky_area&quot;:&quot;no&quot;,&quot;wcf_enable_horizontal_scroll&quot;:&quot;no&quot;}\">\n\t\t\t\t<\/div>\n\t\t<div class=\"elementor-element elementor-element-4099855 e-con-full e-flex e-con e-child\" data-id=\"4099855\" data-element_type=\"container\" data-e-type=\"container\" data-settings=\"{&quot;wcf_enable_cursor_hover_effect_text&quot;:&quot;View&quot;,&quot;wcf-animation&quot;:&quot;none&quot;,&quot;wcf_enable_pin_area&quot;:&quot;no&quot;,&quot;aae_enable_header_sticky_area&quot;:&quot;no&quot;,&quot;wcf_enable_horizontal_scroll&quot;:&quot;no&quot;}\">\n\t\t\t\t<div class=\"elementor-element elementor-element-65e3416 elementor-widget__width-initial elementor-widget-laptop__width-inherit wcf-t-animation-none elementor-widget elementor-widget-wcf--text\" data-id=\"65e3416\" data-element_type=\"widget\" data-e-type=\"widget\" data-settings=\"{&quot;wcf-animation&quot;:&quot;fade&quot;,&quot;data-duration&quot;:0.75,&quot;fade-offset&quot;:40,&quot;wcf_text_animation&quot;:&quot;none&quot;,&quot;aae_method&quot;:&quot;from&quot;,&quot;aae_trigger&quot;:&quot;on_scroll&quot;,&quot;delay&quot;:0.1499999999999999944488848768742172978818416595458984375,&quot;fade-from&quot;:&quot;bottom&quot;,&quot;ease&quot;:&quot;power2.out&quot;}\" data-widget_type=\"wcf--text.default\">\n\t\t\t\t<div class=\"elementor-widget-container\">\n\t\t\t\t\t<div class=\"wcf--text\"><p><strong>Siebdruck f\u00fcr Fahrrad-, Flug-, Reit- und Sicherheitshelme<\/strong><\/p><p>Seri-Art verf\u00fcgt \u00fcber eine eigene Abteilung f\u00fcr den Siebdruck auf Polycarbonatplatten f\u00fcr die Bereiche Bike, Reitsport und industrielle Sicherheit. Dank \u00fcber sechzig Jahren Erfahrung fertigen wir Dekorationen auf Platten unterschiedlicher St\u00e4rke mit speziellen Siebdruckfarben. <\/p><p><strong>Moderne Technologie und perfekte Materialhaftung<\/strong><\/p><p>Haupteinsatzgebiete sind Fahrrad-, Reit- und Flughelme sowie Schutzausr\u00fcstung, bei denen Polycarbonat Leichtigkeit und Widerstandsf\u00e4higkeit vereint.<br>Unsere besondere Kompetenz liegt in der perfekten Verbindung von Polycarbonat und Polystyrol w\u00e4hrend der Spritzgussphase, wodurch eine einheitliche Struktur entsteht. Seri-Art geh\u00f6rte in Italien zu den ersten Unternehmen, die diese Technologie entwickelt und perfektioniert haben. <\/p><\/div>\t\t\t\t<\/div>\n\t\t\t\t<\/div>\n\t\t\t\t<\/div>\n\t\t\t\t<\/div>\n\t\t\t\t<\/div>\n\t\t","protected":false},"excerpt":{"rendered":"<p>Siebdruck auf Polycarbonatplatten Siebdruck f\u00fcr Fahrrad-, Flug-, Reit- und Sicherheitshelme Seri-Art verf\u00fcgt \u00fcber eine eigene Abteilung f\u00fcr den Siebdruck auf Polycarbonatplatten f\u00fcr die Bereiche Bike, Reitsport und industrielle Sicherheit. Dank \u00fcber sechzig Jahren Erfahrung fertigen wir Dekorationen auf Platten unterschiedlicher St\u00e4rke mit speziellen Siebdruckfarben. Moderne Technologie und perfekte Materialhaftung Haupteinsatzgebiete sind Fahrrad-, Reit- und Flughelme [&hellip;]<\/p>\n","protected":false},"author":1,"featured_media":0,"parent":19175,"menu_order":0,"comment_status":"closed","ping_status":"closed","template":"elementor_header_footer","meta":{"footnotes":""},"class_list":["post-19340","page","type-page","status-publish","hentry"],"_links":{"self":[{"href":"https:\/\/www.seri-art.it\/de\/wp-json\/wp\/v2\/pages\/19340","targetHints":{"allow":["GET"]}}],"collection":[{"href":"https:\/\/www.seri-art.it\/de\/wp-json\/wp\/v2\/pages"}],"about":[{"href":"https:\/\/www.seri-art.it\/de\/wp-json\/wp\/v2\/types\/page"}],"author":[{"embeddable":true,"href":"https:\/\/www.seri-art.it\/de\/wp-json\/wp\/v2\/users\/1"}],"replies":[{"embeddable":true,"href":"https:\/\/www.seri-art.it\/de\/wp-json\/wp\/v2\/comments?post=19340"}],"version-history":[{"count":1,"href":"https:\/\/www.seri-art.it\/de\/wp-json\/wp\/v2\/pages\/19340\/revisions"}],"predecessor-version":[{"id":19341,"href":"https:\/\/www.seri-art.it\/de\/wp-json\/wp\/v2\/pages\/19340\/revisions\/19341"}],"up":[{"embeddable":true,"href":"https:\/\/www.seri-art.it\/de\/wp-json\/wp\/v2\/pages\/19175"}],"wp:attachment":[{"href":"https:\/\/www.seri-art.it\/de\/wp-json\/wp\/v2\/media?parent=19340"}],"curies":[{"name":"wp","href":"https:\/\/api.w.org\/{rel}","templated":true}]}}