{"id":19351,"date":"2025-12-05T11:24:55","date_gmt":"2025-12-05T11:24:55","guid":{"rendered":"https:\/\/seriart1.pixelprime.me\/digitaldruck\/digitaldruck-im-grossformat\/"},"modified":"2026-01-28T13:39:51","modified_gmt":"2026-01-28T13:39:51","slug":"digitaldruck-im-grossformat","status":"publish","type":"page","link":"https:\/\/www.seri-art.it\/de\/digitaldruck\/digitaldruck-im-grossformat\/","title":{"rendered":"Digitaldruck im Gro\u00dfformat"},"content":{"rendered":"\t\t<div data-elementor-type=\"wp-page\" data-elementor-id=\"19351\" class=\"elementor elementor-19351 elementor-17776\" data-elementor-post-type=\"page\">\n\t\t\t\t<div class=\"elementor-element elementor-element-2f235e3 e-flex e-con-boxed e-con e-parent\" data-id=\"2f235e3\" data-element_type=\"container\" data-e-type=\"container\" data-settings=\"{&quot;wcf_enable_cursor_hover_effect_text&quot;:&quot;View&quot;,&quot;wcf-animation&quot;:&quot;none&quot;,&quot;wcf_enable_pin_area&quot;:&quot;no&quot;,&quot;aae_enable_header_sticky_area&quot;:&quot;no&quot;,&quot;wcf_enable_horizontal_scroll&quot;:&quot;no&quot;}\">\n\t\t\t\t\t<div class=\"e-con-inner\">\n\t\t<div class=\"elementor-element elementor-element-265f7f0 e-con-full e-flex e-con e-child\" data-id=\"265f7f0\" data-element_type=\"container\" data-e-type=\"container\" data-settings=\"{&quot;wcf_enable_cursor_hover_effect_text&quot;:&quot;View&quot;,&quot;wcf-animation&quot;:&quot;none&quot;,&quot;wcf_enable_pin_area&quot;:&quot;no&quot;,&quot;aae_enable_header_sticky_area&quot;:&quot;no&quot;,&quot;wcf_enable_horizontal_scroll&quot;:&quot;no&quot;}\">\n\t\t\t\t<div class=\"elementor-element elementor-element-20fcb91 elementor-widget__width-initial elementor-widget-laptop__width-initial wcf-t-animation-none elementor-widget elementor-widget-wcf--title\" data-id=\"20fcb91\" data-element_type=\"widget\" data-e-type=\"widget\" data-settings=\"{&quot;wcf-animation&quot;:&quot;fade&quot;,&quot;delay&quot;:0.25,&quot;data-duration&quot;:0.75,&quot;fade-offset&quot;:40,&quot;wcf_text_animation&quot;:&quot;none&quot;,&quot;aae_method&quot;:&quot;from&quot;,&quot;aae_trigger&quot;:&quot;on_scroll&quot;,&quot;fade-from&quot;:&quot;bottom&quot;,&quot;ease&quot;:&quot;power2.out&quot;}\" data-widget_type=\"wcf--title.default\">\n\t\t\t\t<div class=\"elementor-widget-container\">\n\t\t\t\t\t<h2 class=\"wcf--title\">Digitaldruck im Gro\u00dfformat<\/h2>\t\t\t\t<\/div>\n\t\t\t\t<\/div>\n\t\t\t\t<\/div>\n\t\t\t\t\t<\/div>\n\t\t\t\t<\/div>\n\t\t<div class=\"elementor-element elementor-element-b64136e e-con-full e-flex e-con e-parent\" data-id=\"b64136e\" data-element_type=\"container\" data-e-type=\"container\" data-settings=\"{&quot;background_background&quot;:&quot;classic&quot;,&quot;wcf_enable_cursor_hover_effect_text&quot;:&quot;View&quot;,&quot;wcf-animation&quot;:&quot;none&quot;,&quot;wcf_enable_pin_area&quot;:&quot;no&quot;,&quot;aae_enable_header_sticky_area&quot;:&quot;no&quot;,&quot;wcf_enable_horizontal_scroll&quot;:&quot;no&quot;}\">\n\t\t<div class=\"aae-disable-transition elementor-element elementor-element-59a4062 e-con-full e-flex e-con e-child\" data-id=\"59a4062\" data-element_type=\"container\" data-e-type=\"container\" data-settings=\"{&quot;wcf_enable_cursor_hover_effect_text&quot;:&quot;View&quot;,&quot;background_background&quot;:&quot;slideshow&quot;,&quot;wcf-animation&quot;:&quot;fade&quot;,&quot;data-duration&quot;:0.75,&quot;fade-offset&quot;:40,&quot;background_slideshow_gallery&quot;:[{&quot;id&quot;:19343,&quot;url&quot;:&quot;https:\\\/\\\/www.seri-art.it\\\/wp-content\\\/uploads\\\/2025\\\/12\\\/copertina-grandi-formati_rid.jpg&quot;},{&quot;id&quot;:19344,&quot;url&quot;:&quot;https:\\\/\\\/www.seri-art.it\\\/wp-content\\\/uploads\\\/2025\\\/12\\\/IMG_0020-e1711461005378_rid.jpg&quot;},{&quot;id&quot;:19346,&quot;url&quot;:&quot;https:\\\/\\\/www.seri-art.it\\\/wp-content\\\/uploads\\\/2025\\\/12\\\/MZ1_4406_rid.jpg&quot;},{&quot;id&quot;:19347,&quot;url&quot;:&quot;https:\\\/\\\/www.seri-art.it\\\/wp-content\\\/uploads\\\/2025\\\/12\\\/IMG_0022.jpg&quot;},{&quot;id&quot;:19348,&quot;url&quot;:&quot;https:\\\/\\\/www.seri-art.it\\\/wp-content\\\/uploads\\\/2025\\\/12\\\/IMG_5753-scaled-1.jpg&quot;},{&quot;id&quot;:19349,&quot;url&quot;:&quot;https:\\\/\\\/www.seri-art.it\\\/wp-content\\\/uploads\\\/2025\\\/12\\\/Seri-Art-ITA.mp4.00_01_45_11.Immagine001.jpg&quot;},{&quot;id&quot;:19350,&quot;url&quot;:&quot;https:\\\/\\\/www.seri-art.it\\\/wp-content\\\/uploads\\\/2026\\\/01\\\/STAMPA-DIGITALE-GRANDE-FORMATO-_rid.jpg&quot;}],&quot;background_slideshow_slide_duration&quot;:3000,&quot;background_slideshow_ken_burns&quot;:&quot;yes&quot;,&quot;background_slideshow_loop&quot;:&quot;yes&quot;,&quot;background_slideshow_slide_transition&quot;:&quot;fade&quot;,&quot;background_slideshow_transition_duration&quot;:500,&quot;background_slideshow_ken_burns_zoom_direction&quot;:&quot;in&quot;,&quot;aae_method&quot;:&quot;from&quot;,&quot;aae_trigger&quot;:&quot;on_scroll&quot;,&quot;delay&quot;:0.1499999999999999944488848768742172978818416595458984375,&quot;fade-from&quot;:&quot;bottom&quot;,&quot;ease&quot;:&quot;power2.out&quot;,&quot;wcf_enable_pin_area&quot;:&quot;no&quot;,&quot;aae_enable_header_sticky_area&quot;:&quot;no&quot;,&quot;wcf_enable_horizontal_scroll&quot;:&quot;no&quot;}\">\n\t\t\t\t<\/div>\n\t\t<div class=\"elementor-element elementor-element-4099855 e-con-full e-flex e-con e-child\" data-id=\"4099855\" data-element_type=\"container\" data-e-type=\"container\" data-settings=\"{&quot;wcf_enable_cursor_hover_effect_text&quot;:&quot;View&quot;,&quot;wcf-animation&quot;:&quot;none&quot;,&quot;wcf_enable_pin_area&quot;:&quot;no&quot;,&quot;aae_enable_header_sticky_area&quot;:&quot;no&quot;,&quot;wcf_enable_horizontal_scroll&quot;:&quot;no&quot;}\">\n\t\t\t\t<div class=\"elementor-element elementor-element-65e3416 elementor-widget__width-initial elementor-widget-laptop__width-inherit wcf-t-animation-none elementor-widget elementor-widget-wcf--text\" data-id=\"65e3416\" data-element_type=\"widget\" data-e-type=\"widget\" data-settings=\"{&quot;wcf-animation&quot;:&quot;fade&quot;,&quot;data-duration&quot;:0.75,&quot;fade-offset&quot;:40,&quot;wcf_text_animation&quot;:&quot;none&quot;,&quot;aae_method&quot;:&quot;from&quot;,&quot;aae_trigger&quot;:&quot;on_scroll&quot;,&quot;delay&quot;:0.1499999999999999944488848768742172978818416595458984375,&quot;fade-from&quot;:&quot;bottom&quot;,&quot;ease&quot;:&quot;power2.out&quot;}\" data-widget_type=\"wcf--text.default\">\n\t\t\t\t<div class=\"elementor-widget-container\">\n\t\t\t\t\t<div class=\"wcf--text\"><p><strong>Gro\u00dfe Formate f\u00fcr gro\u00dfe Ideen<\/strong><\/p><p>Die Digitalabteilung von Seri-Art ist f\u00fcr den Gro\u00dfformatdruck auf zahlreichen Materialien ausgestattet: PVC, Forex, Polionda, Dibond, Re-board, Foam, Polycarbonat und Aluminium. Zudem fr\u00e4sen wir Materialien bis zu 50 mm St\u00e4rke und bieten einen umfassenden, individuellen Service. <\/p><p><strong>Leuchtende Farben und hochwertige Oberfl\u00e4chen<\/strong><\/p><p>Unsere Gro\u00dfformatdrucke finden Anwendung in Marketing, Events, Messen, Ausstellungen, Museen, Verkaufsfl\u00e4chen, Inneneinrichtung und Architektur. Jede Umsetzung wird entsprechend dem Einsatzbereich (innen oder au\u00dfen) geplant und garantiert Langlebigkeit und Best\u00e4ndigkeit. <\/p><p>Dank modernster Drucktechnologien sichern wir brillante Farben und professionelle Oberfl\u00e4chen f\u00fcr maximale visuelle Wirkung.<\/p><\/div>\t\t\t\t<\/div>\n\t\t\t\t<\/div>\n\t\t\t\t<\/div>\n\t\t\t\t<\/div>\n\t\t\t\t<\/div>\n\t\t","protected":false},"excerpt":{"rendered":"<p>Digitaldruck im Gro\u00dfformat Gro\u00dfe Formate f\u00fcr gro\u00dfe Ideen Die Digitalabteilung von Seri-Art ist f\u00fcr den Gro\u00dfformatdruck auf zahlreichen Materialien ausgestattet: PVC, Forex, Polionda, Dibond, Re-board, Foam, Polycarbonat und Aluminium. Zudem fr\u00e4sen wir Materialien bis zu 50 mm St\u00e4rke und bieten einen umfassenden, individuellen Service. Leuchtende Farben und hochwertige Oberfl\u00e4chen Unsere Gro\u00dfformatdrucke finden Anwendung in Marketing, [&hellip;]<\/p>\n","protected":false},"author":1,"featured_media":0,"parent":19224,"menu_order":0,"comment_status":"closed","ping_status":"closed","template":"elementor_header_footer","meta":{"footnotes":""},"class_list":["post-19351","page","type-page","status-publish","hentry"],"_links":{"self":[{"href":"https:\/\/www.seri-art.it\/de\/wp-json\/wp\/v2\/pages\/19351","targetHints":{"allow":["GET"]}}],"collection":[{"href":"https:\/\/www.seri-art.it\/de\/wp-json\/wp\/v2\/pages"}],"about":[{"href":"https:\/\/www.seri-art.it\/de\/wp-json\/wp\/v2\/types\/page"}],"author":[{"embeddable":true,"href":"https:\/\/www.seri-art.it\/de\/wp-json\/wp\/v2\/users\/1"}],"replies":[{"embeddable":true,"href":"https:\/\/www.seri-art.it\/de\/wp-json\/wp\/v2\/comments?post=19351"}],"version-history":[{"count":1,"href":"https:\/\/www.seri-art.it\/de\/wp-json\/wp\/v2\/pages\/19351\/revisions"}],"predecessor-version":[{"id":19352,"href":"https:\/\/www.seri-art.it\/de\/wp-json\/wp\/v2\/pages\/19351\/revisions\/19352"}],"up":[{"embeddable":true,"href":"https:\/\/www.seri-art.it\/de\/wp-json\/wp\/v2\/pages\/19224"}],"wp:attachment":[{"href":"https:\/\/www.seri-art.it\/de\/wp-json\/wp\/v2\/media?parent=19351"}],"curies":[{"name":"wp","href":"https:\/\/api.w.org\/{rel}","templated":true}]}}