{"id":19357,"date":"2025-12-05T11:48:36","date_gmt":"2025-12-05T11:48:36","guid":{"rendered":"https:\/\/seriart1.pixelprime.me\/siebdruck\/druck-auf-blech-und-beschilderung\/"},"modified":"2026-01-28T13:40:53","modified_gmt":"2026-01-28T13:40:53","slug":"druck-auf-blech-und-beschilderung","status":"publish","type":"page","link":"https:\/\/www.seri-art.it\/de\/siebdruck\/druck-auf-blech-und-beschilderung\/","title":{"rendered":"Druck auf Blech und Beschilderung"},"content":{"rendered":"\t\t<div data-elementor-type=\"wp-page\" data-elementor-id=\"19357\" class=\"elementor elementor-19357 elementor-17791\" data-elementor-post-type=\"page\">\n\t\t\t\t<div class=\"elementor-element elementor-element-2f235e3 e-flex e-con-boxed e-con e-parent\" data-id=\"2f235e3\" data-element_type=\"container\" data-e-type=\"container\" data-settings=\"{&quot;wcf_enable_cursor_hover_effect_text&quot;:&quot;View&quot;,&quot;wcf-animation&quot;:&quot;none&quot;,&quot;wcf_enable_pin_area&quot;:&quot;no&quot;,&quot;aae_enable_header_sticky_area&quot;:&quot;no&quot;,&quot;wcf_enable_horizontal_scroll&quot;:&quot;no&quot;}\">\n\t\t\t\t\t<div class=\"e-con-inner\">\n\t\t<div class=\"elementor-element elementor-element-265f7f0 e-con-full e-flex e-con e-child\" data-id=\"265f7f0\" data-element_type=\"container\" data-e-type=\"container\" data-settings=\"{&quot;wcf_enable_cursor_hover_effect_text&quot;:&quot;View&quot;,&quot;wcf-animation&quot;:&quot;none&quot;,&quot;wcf_enable_pin_area&quot;:&quot;no&quot;,&quot;aae_enable_header_sticky_area&quot;:&quot;no&quot;,&quot;wcf_enable_horizontal_scroll&quot;:&quot;no&quot;}\">\n\t\t\t\t<div class=\"elementor-element elementor-element-20fcb91 elementor-widget__width-initial elementor-widget-laptop__width-initial wcf-t-animation-none elementor-widget elementor-widget-wcf--title\" data-id=\"20fcb91\" data-element_type=\"widget\" data-e-type=\"widget\" data-settings=\"{&quot;wcf-animation&quot;:&quot;fade&quot;,&quot;delay&quot;:0.25,&quot;data-duration&quot;:0.75,&quot;fade-offset&quot;:40,&quot;wcf_text_animation&quot;:&quot;none&quot;,&quot;aae_method&quot;:&quot;from&quot;,&quot;aae_trigger&quot;:&quot;on_scroll&quot;,&quot;fade-from&quot;:&quot;bottom&quot;,&quot;ease&quot;:&quot;power2.out&quot;}\" data-widget_type=\"wcf--title.default\">\n\t\t\t\t<div class=\"elementor-widget-container\">\n\t\t\t\t\t<h2 class=\"wcf--title\">Druck auf Blech und Beschilderung<\/h2>\t\t\t\t<\/div>\n\t\t\t\t<\/div>\n\t\t\t\t<\/div>\n\t\t\t\t\t<\/div>\n\t\t\t\t<\/div>\n\t\t<div class=\"elementor-element elementor-element-b64136e e-con-full e-flex e-con e-parent\" data-id=\"b64136e\" data-element_type=\"container\" data-e-type=\"container\" data-settings=\"{&quot;background_background&quot;:&quot;classic&quot;,&quot;wcf_enable_cursor_hover_effect_text&quot;:&quot;View&quot;,&quot;wcf-animation&quot;:&quot;none&quot;,&quot;wcf_enable_pin_area&quot;:&quot;no&quot;,&quot;aae_enable_header_sticky_area&quot;:&quot;no&quot;,&quot;wcf_enable_horizontal_scroll&quot;:&quot;no&quot;}\">\n\t\t<div class=\"aae-disable-transition elementor-element elementor-element-59a4062 e-con-full e-flex e-con e-child\" data-id=\"59a4062\" data-element_type=\"container\" data-e-type=\"container\" data-settings=\"{&quot;wcf_enable_cursor_hover_effect_text&quot;:&quot;View&quot;,&quot;background_background&quot;:&quot;slideshow&quot;,&quot;wcf-animation&quot;:&quot;fade&quot;,&quot;data-duration&quot;:0.75,&quot;fade-offset&quot;:40,&quot;background_slideshow_gallery&quot;:[{&quot;id&quot;:19354,&quot;url&quot;:&quot;https:\\\/\\\/www.seri-art.it\\\/wp-content\\\/uploads\\\/2025\\\/12\\\/MM1_8806_rid.jpg&quot;},{&quot;id&quot;:19355,&quot;url&quot;:&quot;https:\\\/\\\/www.seri-art.it\\\/wp-content\\\/uploads\\\/2025\\\/12\\\/MM1_8812_rid.jpg&quot;},{&quot;id&quot;:19356,&quot;url&quot;:&quot;https:\\\/\\\/www.seri-art.it\\\/wp-content\\\/uploads\\\/2025\\\/12\\\/MM1_8816_rid.jpg&quot;}],&quot;background_slideshow_slide_duration&quot;:3000,&quot;background_slideshow_ken_burns&quot;:&quot;yes&quot;,&quot;background_slideshow_loop&quot;:&quot;yes&quot;,&quot;background_slideshow_slide_transition&quot;:&quot;fade&quot;,&quot;background_slideshow_transition_duration&quot;:500,&quot;background_slideshow_ken_burns_zoom_direction&quot;:&quot;in&quot;,&quot;aae_method&quot;:&quot;from&quot;,&quot;aae_trigger&quot;:&quot;on_scroll&quot;,&quot;delay&quot;:0.1499999999999999944488848768742172978818416595458984375,&quot;fade-from&quot;:&quot;bottom&quot;,&quot;ease&quot;:&quot;power2.out&quot;,&quot;wcf_enable_pin_area&quot;:&quot;no&quot;,&quot;aae_enable_header_sticky_area&quot;:&quot;no&quot;,&quot;wcf_enable_horizontal_scroll&quot;:&quot;no&quot;}\">\n\t\t\t\t<\/div>\n\t\t<div class=\"elementor-element elementor-element-4099855 e-con-full e-flex e-con e-child\" data-id=\"4099855\" data-element_type=\"container\" data-e-type=\"container\" data-settings=\"{&quot;wcf_enable_cursor_hover_effect_text&quot;:&quot;View&quot;,&quot;wcf-animation&quot;:&quot;none&quot;,&quot;wcf_enable_pin_area&quot;:&quot;no&quot;,&quot;aae_enable_header_sticky_area&quot;:&quot;no&quot;,&quot;wcf_enable_horizontal_scroll&quot;:&quot;no&quot;}\">\n\t\t\t\t<div class=\"elementor-element elementor-element-65e3416 elementor-widget__width-initial elementor-widget-laptop__width-inherit wcf-t-animation-none elementor-widget elementor-widget-wcf--text\" data-id=\"65e3416\" data-element_type=\"widget\" data-e-type=\"widget\" data-settings=\"{&quot;wcf-animation&quot;:&quot;fade&quot;,&quot;data-duration&quot;:0.75,&quot;fade-offset&quot;:40,&quot;wcf_text_animation&quot;:&quot;none&quot;,&quot;aae_method&quot;:&quot;from&quot;,&quot;aae_trigger&quot;:&quot;on_scroll&quot;,&quot;delay&quot;:0.1499999999999999944488848768742172978818416595458984375,&quot;fade-from&quot;:&quot;bottom&quot;,&quot;ease&quot;:&quot;power2.out&quot;}\" data-widget_type=\"wcf--text.default\">\n\t\t\t\t<div class=\"elementor-widget-container\">\n\t\t\t\t\t<div class=\"wcf--text\"><p>Der Digitaldruck auf Blech ist einer der Services von Seri-Art und wird f\u00fcr Au\u00dfenbeschilderung, Sicherheitsschilder und industrielle Typenschilder eingesetzt.<br>Dieser Prozess findet Anwendung auf Baustellen, in Industrieanlagen, Logistik und Abfallwirtschaft sowie \u00fcberall dort, wo langlebige und gut lesbare Beschilderung erforderlich ist.<\/p><p><strong>Widerstandsf\u00e4higkeit, Lesbarkeit und Langlebigkeit<\/strong><\/p><p>Dank der Vielseitigkeit des Digitaldrucks fertigen wir gefr\u00e4ste Aluminium- oder Stahltafeln mit Piktogrammen, Sicherheitshinweisen und Wegweisern.<br>Jedes Produkt ist f\u00fcr anspruchsvolle Witterungsbedingungen ausgelegt und bewahrt Sichtbarkeit, Haftung und Farbbrillanz \u00fcber lange Zeit. Die im industriellen Umfeld gesammelte Erfahrung erm\u00f6glicht es uns, zertifizierte, zuverl\u00e4ssige L\u00f6sungen f\u00fcr h\u00f6chste Anspr\u00fcche zu liefern. <\/p><\/div>\t\t\t\t<\/div>\n\t\t\t\t<\/div>\n\t\t\t\t<\/div>\n\t\t\t\t<\/div>\n\t\t\t\t<\/div>\n\t\t","protected":false},"excerpt":{"rendered":"<p>Druck auf Blech und Beschilderung Der Digitaldruck auf Blech ist einer der Services von Seri-Art und wird f\u00fcr Au\u00dfenbeschilderung, Sicherheitsschilder und industrielle Typenschilder eingesetzt.Dieser Prozess findet Anwendung auf Baustellen, in Industrieanlagen, Logistik und Abfallwirtschaft sowie \u00fcberall dort, wo langlebige und gut lesbare Beschilderung erforderlich ist. Widerstandsf\u00e4higkeit, Lesbarkeit und Langlebigkeit Dank der Vielseitigkeit des Digitaldrucks fertigen [&hellip;]<\/p>\n","protected":false},"author":1,"featured_media":0,"parent":19175,"menu_order":0,"comment_status":"closed","ping_status":"closed","template":"elementor_header_footer","meta":{"footnotes":""},"class_list":["post-19357","page","type-page","status-publish","hentry"],"_links":{"self":[{"href":"https:\/\/www.seri-art.it\/de\/wp-json\/wp\/v2\/pages\/19357","targetHints":{"allow":["GET"]}}],"collection":[{"href":"https:\/\/www.seri-art.it\/de\/wp-json\/wp\/v2\/pages"}],"about":[{"href":"https:\/\/www.seri-art.it\/de\/wp-json\/wp\/v2\/types\/page"}],"author":[{"embeddable":true,"href":"https:\/\/www.seri-art.it\/de\/wp-json\/wp\/v2\/users\/1"}],"replies":[{"embeddable":true,"href":"https:\/\/www.seri-art.it\/de\/wp-json\/wp\/v2\/comments?post=19357"}],"version-history":[{"count":1,"href":"https:\/\/www.seri-art.it\/de\/wp-json\/wp\/v2\/pages\/19357\/revisions"}],"predecessor-version":[{"id":19358,"href":"https:\/\/www.seri-art.it\/de\/wp-json\/wp\/v2\/pages\/19357\/revisions\/19358"}],"up":[{"embeddable":true,"href":"https:\/\/www.seri-art.it\/de\/wp-json\/wp\/v2\/pages\/19175"}],"wp:attachment":[{"href":"https:\/\/www.seri-art.it\/de\/wp-json\/wp\/v2\/media?parent=19357"}],"curies":[{"name":"wp","href":"https:\/\/api.w.org\/{rel}","templated":true}]}}