{"id":19367,"date":"2026-01-21T09:25:22","date_gmt":"2026-01-21T09:25:22","guid":{"rendered":"https:\/\/seriart1.pixelprime.me\/stromerzeuger\/"},"modified":"2026-01-28T13:53:32","modified_gmt":"2026-01-28T13:53:32","slug":"stromerzeuger","status":"publish","type":"page","link":"https:\/\/www.seri-art.it\/de\/stromerzeuger\/","title":{"rendered":"Stromerzeuger"},"content":{"rendered":"\t\t<div data-elementor-type=\"wp-page\" data-elementor-id=\"19367\" class=\"elementor elementor-19367 elementor-18291\" data-elementor-post-type=\"page\">\n\t\t\t\t<div class=\"elementor-element elementor-element-2f235e3 e-flex e-con-boxed e-con e-parent\" data-id=\"2f235e3\" data-element_type=\"container\" data-e-type=\"container\" data-settings=\"{&quot;wcf_enable_cursor_hover_effect_text&quot;:&quot;View&quot;,&quot;wcf-animation&quot;:&quot;none&quot;,&quot;wcf_enable_pin_area&quot;:&quot;no&quot;,&quot;aae_enable_header_sticky_area&quot;:&quot;no&quot;,&quot;wcf_enable_horizontal_scroll&quot;:&quot;no&quot;}\">\n\t\t\t\t\t<div class=\"e-con-inner\">\n\t\t<div class=\"elementor-element elementor-element-265f7f0 e-con-full e-flex e-con e-child\" data-id=\"265f7f0\" data-element_type=\"container\" data-e-type=\"container\" data-settings=\"{&quot;wcf_enable_cursor_hover_effect_text&quot;:&quot;View&quot;,&quot;wcf-animation&quot;:&quot;none&quot;,&quot;wcf_enable_pin_area&quot;:&quot;no&quot;,&quot;aae_enable_header_sticky_area&quot;:&quot;no&quot;,&quot;wcf_enable_horizontal_scroll&quot;:&quot;no&quot;}\">\n\t\t\t\t<div class=\"elementor-element elementor-element-20fcb91 elementor-widget__width-initial elementor-widget-laptop__width-initial wcf-t-animation-none elementor-widget elementor-widget-wcf--title\" data-id=\"20fcb91\" data-element_type=\"widget\" data-e-type=\"widget\" data-settings=\"{&quot;wcf-animation&quot;:&quot;fade&quot;,&quot;delay&quot;:0.25,&quot;data-duration&quot;:0.75,&quot;fade-offset&quot;:40,&quot;wcf_text_animation&quot;:&quot;none&quot;,&quot;aae_method&quot;:&quot;from&quot;,&quot;aae_trigger&quot;:&quot;on_scroll&quot;,&quot;fade-from&quot;:&quot;bottom&quot;,&quot;ease&quot;:&quot;power2.out&quot;}\" data-widget_type=\"wcf--title.default\">\n\t\t\t\t<div class=\"elementor-widget-container\">\n\t\t\t\t\t<h2 class=\"wcf--title\">STROMERZEUGER<\/h2>\t\t\t\t<\/div>\n\t\t\t\t<\/div>\n\t\t\t\t<\/div>\n\t\t\t\t\t<\/div>\n\t\t\t\t<\/div>\n\t\t<div class=\"elementor-element elementor-element-d59bea6 e-flex e-con-boxed e-con e-parent\" data-id=\"d59bea6\" data-element_type=\"container\" data-e-type=\"container\" data-settings=\"{&quot;wcf_enable_cursor_hover_effect_text&quot;:&quot;View&quot;,&quot;wcf-animation&quot;:&quot;none&quot;,&quot;wcf_enable_pin_area&quot;:&quot;no&quot;,&quot;aae_enable_header_sticky_area&quot;:&quot;no&quot;,&quot;wcf_enable_horizontal_scroll&quot;:&quot;no&quot;}\">\n\t\t\t\t\t<div class=\"e-con-inner\">\n\t\t<div class=\"elementor-element elementor-element-7f82aab e-con-full e-flex e-con e-child\" data-id=\"7f82aab\" data-element_type=\"container\" data-e-type=\"container\" data-settings=\"{&quot;wcf_enable_cursor_hover_effect_text&quot;:&quot;View&quot;,&quot;wcf-animation&quot;:&quot;none&quot;,&quot;wcf_enable_pin_area&quot;:&quot;no&quot;,&quot;aae_enable_header_sticky_area&quot;:&quot;no&quot;,&quot;wcf_enable_horizontal_scroll&quot;:&quot;no&quot;}\">\n\t\t\t\t<div class=\"elementor-element elementor-element-871b883 wcf-t-animation-none elementor-widget elementor-widget-wcf--text\" data-id=\"871b883\" data-element_type=\"widget\" data-e-type=\"widget\" data-settings=\"{&quot;wcf_text_animation&quot;:&quot;none&quot;,&quot;wcf-animation&quot;:&quot;none&quot;}\" data-widget_type=\"wcf--text.default\">\n\t\t\t\t<div class=\"elementor-widget-container\">\n\t\t\t\t\t<div class=\"wcf--text\"><p><strong>Stromerzeuger<\/strong><\/p><p>Bei Stromerzeugeraggregaten und Energieerzeugungssystemen \u00fcbernehmen Etiketten und Bedienfelder eine zentrale Funktion: Identifikation, Sicherheit und Kontrolle. Seri-Art entwickelt und produziert kundenspezifische Grafiken, Bedienfelder und Sicherheitsetiketten, die f\u00fcr extreme Bedingungen, Vibrationen, hohe Temperaturen, Witterungseinfl\u00fcsse und den Dauerbetrieb ausgelegt sind.<br>Ausgew\u00e4hlte Materialien wie PVC, PET, Polycarbonat und Crystal gew\u00e4hrleisten mechanische Festigkeit und langfristige Farbstabilit\u00e4t. <\/p><\/div>\t\t\t\t<\/div>\n\t\t\t\t<\/div>\n\t\t\t\t<\/div>\n\t\t<div class=\"elementor-element elementor-element-f4a6aab e-con-full e-flex e-con e-child\" data-id=\"f4a6aab\" data-element_type=\"container\" data-e-type=\"container\" data-settings=\"{&quot;wcf_enable_cursor_hover_effect_text&quot;:&quot;View&quot;,&quot;wcf-animation&quot;:&quot;none&quot;,&quot;wcf_enable_pin_area&quot;:&quot;no&quot;,&quot;aae_enable_header_sticky_area&quot;:&quot;no&quot;,&quot;wcf_enable_horizontal_scroll&quot;:&quot;no&quot;}\">\n\t\t\t\t<div class=\"elementor-element elementor-element-9929694 wcf-t-animation-none elementor-widget elementor-widget-wcf--text\" data-id=\"9929694\" data-element_type=\"widget\" data-e-type=\"widget\" data-settings=\"{&quot;wcf_text_animation&quot;:&quot;none&quot;,&quot;wcf-animation&quot;:&quot;none&quot;}\" data-widget_type=\"wcf--text.default\">\n\t\t\t\t<div class=\"elementor-widget-container\">\n\t\t\t\t\t<div class=\"wcf--text\"><p><strong>Ma\u00dfgeschneiderte industrielle L\u00f6sungen<\/strong><\/p><p>Die Fertigungsprozesse umfassen hochpr\u00e4zisen Sieb- und Digitaldruck, die Lamination mit spezifischen doppelseitigen Kleben sowie das Stanzen nach Kundenspezifikation. Jedes Projekt wird mit dem Ziel entwickelt, eine klare Informationsdarstellung, hohe Haltbarkeit und eine perfekte Integration in die metallischen oder Kunststoffstrukturen der Generatoren zu gew\u00e4hrleisten. Dank der langj\u00e4hrigen Erfahrung von Seri-Art im industriellen Druck k\u00f6nnen zuverl\u00e4ssige L\u00f6sungen angeboten werden, die Hersteller und OEMs in einem Bereich unterst\u00fctzen, in dem Qualit\u00e4t und Sicherheit von zentraler Bedeutung sind.  <\/p><\/div>\t\t\t\t<\/div>\n\t\t\t\t<\/div>\n\t\t\t\t<\/div>\n\t\t\t\t\t<\/div>\n\t\t\t\t<\/div>\n\t\t<div class=\"elementor-element elementor-element-0705472 e-flex e-con-boxed e-con e-parent\" data-id=\"0705472\" data-element_type=\"container\" data-e-type=\"container\" data-settings=\"{&quot;wcf_enable_cursor_hover_effect_text&quot;:&quot;View&quot;,&quot;wcf-animation&quot;:&quot;none&quot;,&quot;wcf_enable_pin_area&quot;:&quot;no&quot;,&quot;aae_enable_header_sticky_area&quot;:&quot;no&quot;,&quot;wcf_enable_horizontal_scroll&quot;:&quot;no&quot;}\">\n\t\t\t\t\t<div class=\"e-con-inner\">\n\t\t\t\t<div class=\"elementor-element elementor-element-6b8ca1a elementor-widget elementor-widget-wcf--filterable-gallery\" data-id=\"6b8ca1a\" data-element_type=\"widget\" data-e-type=\"widget\" data-settings=\"{&quot;wcf-animation&quot;:&quot;none&quot;}\" data-widget_type=\"wcf--filterable-gallery.default\">\n\t\t\t\t<div class=\"elementor-widget-container\">\n\t\t\t\t\t        <div class=\"wcf--filterable-gallery style-grid\">\r\n\t\t\t        <div class=\"gallery-wrapper\">\r\n\t\t\t\t\t\t\t                <div class=\"mix gallery-item horizontal \">\r\n                    <img decoding=\"async\" src=\"https:\/\/www.seri-art.it\/wp-content\/uploads\/2026\/01\/slide5.jpeg\"\r\n                         alt=\"\">\r\n\t\t\t\t\t                <\/div>\r\n\t\t\t\t\t\t\t                <div class=\"mix gallery-item horizontal \">\r\n                    <img decoding=\"async\" src=\"https:\/\/www.seri-art.it\/wp-content\/uploads\/2026\/01\/slide3.jpeg\"\r\n                         alt=\"\">\r\n\t\t\t\t\t                <\/div>\r\n\t\t\t\t\t\t\t                <div class=\"mix gallery-item  \">\r\n                    <img decoding=\"async\" src=\"https:\/\/www.seri-art.it\/wp-content\/uploads\/2026\/01\/VISA-CRYSTAL-.jpg\"\r\n                         alt=\"\">\r\n\t\t\t\t\t                <\/div>\r\n\t\t\t        <\/div>\r\n\t\t        <\/div>\r\n\t\t\t\t\t\t<\/div>\n\t\t\t\t<\/div>\n\t\t\t\t\t<\/div>\n\t\t\t\t<\/div>\n\t\t\t\t<\/div>\n\t\t","protected":false},"excerpt":{"rendered":"<p>STROMERZEUGER Stromerzeuger Bei Stromerzeugeraggregaten und Energieerzeugungssystemen \u00fcbernehmen Etiketten und Bedienfelder eine zentrale Funktion: Identifikation, Sicherheit und Kontrolle. Seri-Art entwickelt und produziert kundenspezifische Grafiken, Bedienfelder und Sicherheitsetiketten, die f\u00fcr extreme Bedingungen, Vibrationen, hohe Temperaturen, Witterungseinfl\u00fcsse und den Dauerbetrieb ausgelegt sind.Ausgew\u00e4hlte Materialien wie PVC, PET, Polycarbonat und Crystal gew\u00e4hrleisten mechanische Festigkeit und langfristige Farbstabilit\u00e4t. Ma\u00dfgeschneiderte industrielle L\u00f6sungen [&hellip;]<\/p>\n","protected":false},"author":1,"featured_media":0,"parent":0,"menu_order":0,"comment_status":"closed","ping_status":"closed","template":"elementor_header_footer","meta":{"footnotes":""},"class_list":["post-19367","page","type-page","status-publish","hentry"],"_links":{"self":[{"href":"https:\/\/www.seri-art.it\/de\/wp-json\/wp\/v2\/pages\/19367","targetHints":{"allow":["GET"]}}],"collection":[{"href":"https:\/\/www.seri-art.it\/de\/wp-json\/wp\/v2\/pages"}],"about":[{"href":"https:\/\/www.seri-art.it\/de\/wp-json\/wp\/v2\/types\/page"}],"author":[{"embeddable":true,"href":"https:\/\/www.seri-art.it\/de\/wp-json\/wp\/v2\/users\/1"}],"replies":[{"embeddable":true,"href":"https:\/\/www.seri-art.it\/de\/wp-json\/wp\/v2\/comments?post=19367"}],"version-history":[{"count":1,"href":"https:\/\/www.seri-art.it\/de\/wp-json\/wp\/v2\/pages\/19367\/revisions"}],"predecessor-version":[{"id":19368,"href":"https:\/\/www.seri-art.it\/de\/wp-json\/wp\/v2\/pages\/19367\/revisions\/19368"}],"wp:attachment":[{"href":"https:\/\/www.seri-art.it\/de\/wp-json\/wp\/v2\/media?parent=19367"}],"curies":[{"name":"wp","href":"https:\/\/api.w.org\/{rel}","templated":true}]}}